{"id":117,"date":"2022-10-27T14:26:18","date_gmt":"2022-10-27T12:26:18","guid":{"rendered":"https:\/\/workhistory.eu\/?page_id=117"},"modified":"2024-10-18T14:57:10","modified_gmt":"2024-10-18T12:57:10","slug":"kepzes","status":"publish","type":"page","link":"https:\/\/workhistory.eu\/en\/kepzes\/","title":{"rendered":"Seminars"},"content":{"rendered":"<h2 style=\"text-align: center;\"><a href=\"https:\/\/workhistory.eu\/en\/kepzes\/oral-history-es-interjutechnikak-workshop\/\">Oral history workshop<\/a><\/h2>\n<h2 style=\"text-align: center;\"><a href=\"https:\/\/workhistory.eu\/en\/kepzes\/sztalinizmus-es-a-mindennapok-tortenete-olvasoszeminarium\/\">Stalinism and the history of everyday life<\/a><\/h2>","protected":false},"excerpt":{"rendered":"<p>Oral history \u00e9s interj\u00fatechnik\u00e1k workshop [&hellip;]<\/p>","protected":false},"author":4,"featured_media":0,"parent":0,"menu_order":0,"comment_status":"closed","ping_status":"closed","template":"","meta":{"footnotes":""},"class_list":["post-117","page","type-page","status-publish","hentry"],"_links":{"self":[{"href":"https:\/\/workhistory.eu\/en\/wp-json\/wp\/v2\/pages\/117","targetHints":{"allow":["GET"]}}],"collection":[{"href":"https:\/\/workhistory.eu\/en\/wp-json\/wp\/v2\/pages"}],"about":[{"href":"https:\/\/workhistory.eu\/en\/wp-json\/wp\/v2\/types\/page"}],"author":[{"embeddable":true,"href":"https:\/\/workhistory.eu\/en\/wp-json\/wp\/v2\/users\/4"}],"replies":[{"embeddable":true,"href":"https:\/\/workhistory.eu\/en\/wp-json\/wp\/v2\/comments?post=117"}],"version-history":[{"count":8,"href":"https:\/\/workhistory.eu\/en\/wp-json\/wp\/v2\/pages\/117\/revisions"}],"predecessor-version":[{"id":363,"href":"https:\/\/workhistory.eu\/en\/wp-json\/wp\/v2\/pages\/117\/revisions\/363"}],"wp:attachment":[{"href":"https:\/\/workhistory.eu\/en\/wp-json\/wp\/v2\/media?parent=117"}],"curies":[{"name":"wp","href":"https:\/\/api.w.org\/{rel}","templated":true}]}}