{"id":129,"date":"2022-11-21T10:04:41","date_gmt":"2022-11-21T08:04:41","guid":{"rendered":"https:\/\/workhistory.eu\/?page_id=129"},"modified":"2024-10-18T14:57:21","modified_gmt":"2024-10-18T12:57:21","slug":"horvath-sandor","status":"publish","type":"page","link":"https:\/\/workhistory.eu\/en\/kutatok\/horvath-sandor\/","title":{"rendered":"Horv\u00e1th S\u00e1ndor"},"content":{"rendered":"<p><img loading=\"lazy\" decoding=\"async\" class=\"wp-image-72 alignleft\" src=\"https:\/\/workhistory.eu\/wp-content\/uploads\/2022\/10\/Horvath-Sandor-portre_ez-222x300.jpg\" alt=\"\" width=\"239\" height=\"323\" srcset=\"https:\/\/workhistory.eu\/wp-content\/uploads\/2022\/10\/Horvath-Sandor-portre_ez-222x300.jpg 222w, https:\/\/workhistory.eu\/wp-content\/uploads\/2022\/10\/Horvath-Sandor-portre_ez-759x1024.jpg 759w, https:\/\/workhistory.eu\/wp-content\/uploads\/2022\/10\/Horvath-Sandor-portre_ez-768x1037.jpg 768w, https:\/\/workhistory.eu\/wp-content\/uploads\/2022\/10\/Horvath-Sandor-portre_ez-1138x1536.jpg 1138w, https:\/\/workhistory.eu\/wp-content\/uploads\/2022\/10\/Horvath-Sandor-portre_ez-1140x1539.jpg 1140w, https:\/\/workhistory.eu\/wp-content\/uploads\/2022\/10\/Horvath-Sandor-portre_ez-920x1242.jpg 920w, https:\/\/workhistory.eu\/wp-content\/uploads\/2022\/10\/Horvath-Sandor-portre_ez-575x776.jpg 575w, https:\/\/workhistory.eu\/wp-content\/uploads\/2022\/10\/Horvath-Sandor-portre_ez-380x513.jpg 380w, https:\/\/workhistory.eu\/wp-content\/uploads\/2022\/10\/Horvath-Sandor-portre_ez.jpg 1260w\" sizes=\"auto, (max-width: 239px) 100vw, 239px\" \/><\/p>\n<p class=\" translation-block\"><b>S\u00e1ndor Horv\u00e1th<\/b>, Principal Investigator (PI) of the WORK project; Head of Department of Contemporary History, Institute of History, Research Centre for the Humanities (Budapest, Hungary)\nMy research has been mainly concerned with East Central European history from the 1940s to the last decades of the twentieth century. Like many others, I was firstly interested in the everyday life of ordinary people during the Stalinization process. My doctoral thesis explored the life in the first socialist city in Hungary, and the ways, how Stalin-City (Szt\u00e1linv\u00e1ros) and the socialist regime were built and stabilized not only by the state but also by the people in their everyday relationships (published in English, Stalinism Reloaded: Everyday Stalincity in Hungary by Indiana University Press). This research led me on to develop a wider interest to understand the everyday negotiations in different communities using micro-historical approaches, including the youth in the 1960s (Children of Communism), the everyday practices of social policy and the language referring to social justice (Two Floors of Happiness), and the everyday cooperation (and collaboration) of different social groups (Denunciation). I have published a number of books and articles which have looked more generally the social and cultural history of the twentieth-century, everyday life, social identities and inequalities, youth history, socialist cities, social policy. \nI have been the PI of several large scale international and national research projects including COURAGE \u2013 \u201cCultural Opposition \u2013 Understanding the Cultural Heritage of Dissent in the Former Socialist Countries\u201c (funded by the European Commission\u2019s Horizon2020 program ) which was a great experience to work with 12 research institutes and universities from 10 countries, with over 100 researchers, and this project has received numerous international awards and prizes: http:\/\/cultural-opposition.eu\/  (Euronews summary of the project on the website).<\/p>\n<p class=\" translation-block\"><b>Keywords:<\/b> everyday life, workers, workplace, workers' councils<\/p>\n<p>I also serve as the founding editor of The Hungarian Historical Review (www.hunghist.org) since 2012, a peer-reviewed international quarterly of the Hungarian Academy of Sciences. I have been visiting lecturer and supervisor of doctoral students at E\u00f6tv\u00f6s Lor\u00e1nd University Faculty of Humanities since 2005. I have been the recipient of several prizes and fellowships, including the P\u00e9ter Han\u00e1k Prize (2001); Humboldt University, Berlin (2002); a fellowship at Columbia University, New York (2007); a Mellon fellowship at the Institute for Human Sciences (IWM), Vienna (2009); a fellowship at the Centre for Advanced Studies, Ludwig Maximilian University Munich (LMU) (2011); at the Institute for East European Studies at the Free University, Berlin (2012), and at Imre Kert\u00e9sz Kolleg, Friedrich Schiller University, Jena (2014). \nMy list of publications includes seven monographs, more than twenty articles and chapters in peer-reviewed international journals and collections of studies; eleven edited volumes and special issues of journals. A complete list of publications at mtmt.<\/p>\n<p><strong>Selected publications:<\/strong><\/p>\n<ul>\n<li>Children of Communism: Politicizing Youth Revolt in Communist Budapest in the 1960s. Bloomington: Indiana University Press, 2022.<\/li>\n<li>The Handbook of COURAGE: Cultural Opposition and its Heritage in Eastern Europe. Budapest: Institute of History, Research Centre for the Humanities, Hungarian Academy of Sciences, 2018. (ed. together with Bal\u00e1zs Apor, P\u00e9ter Apor)<\/li>\n<li>Kultur\u00e1lis ellen\u00e1ll\u00e1s a K\u00e1d\u00e1r-korszakban: Gy\u0171jtem\u00e9nyek t\u00f6rt\u00e9nete. Budapest: MTA BTK T\u00f6rt\u00e9nettudom\u00e1nyi Int\u00e9zet, 2018. (szerk. k\u00f6z\u00f6sen)<\/li>\n<li>Stalinism Reloaded: Everyday Life in Stalin-City, Hungary. Bloomington: Indiana University Press, 2017.<\/li>\n<li>Feljelent\u00e9s: Egy \u00fcgyn\u00f6k mindennapjai. Budapest: Libri Kiad\u00f3 2017.<\/li>\n<li>Secret Agents and the Memory of Everyday Collaboration in Communist Eastern Europe New York \u2013 London: Anthem Press, 2017. (ed together with P\u00e9ter Apor, James Mark)<\/li>\n<li>K\u00e9t emelet boldogs\u00e1g. Mindennapi szoci\u00e1lpolitika Budapesten a K\u00e1d\u00e1r-korban [Two floors of happiness. Everyday social policy in Budapest during the K\u00e1d\u00e1r era]. Budapest 2012, 266 p.<\/li>\n<li>K\u00e1d\u00e1r gyermekei. Ifj\u00fas\u00e1gi l\u00e1zad\u00e1s a hatvanas \u00e9vekben. Budapest: Nyitott K\u00f6nyvm\u0171hely Kiad\u00f3, 2009.<\/li>\n<li>Mindennapok R\u00e1kosi \u00e9s K\u00e1d\u00e1r kor\u00e1ban: \u00daj utak a szocialista korszak kutat\u00e1s\u00e1ban. Budapest: Nyitott K\u00f6nyvm\u0171hely Kiad\u00f3, 2008. (szerk.)<\/li>\n<li>A kapu \u00e9s a hat\u00e1r: mindennapi Szt\u00e1linv\u00e1ros. Bp., MTA TTI, 2004.<\/li>\n<\/ul>","protected":false},"excerpt":{"rendered":"<p>Horv\u00e1th S\u00e1ndor (PhD) a B\u00f6lcs\u00e9szettudom\u00e1nyi [&hellip;]<\/p>","protected":false},"author":2,"featured_media":0,"parent":33,"menu_order":0,"comment_status":"closed","ping_status":"closed","template":"","meta":{"footnotes":""},"class_list":["post-129","page","type-page","status-publish","hentry"],"_links":{"self":[{"href":"https:\/\/workhistory.eu\/en\/wp-json\/wp\/v2\/pages\/129","targetHints":{"allow":["GET"]}}],"collection":[{"href":"https:\/\/workhistory.eu\/en\/wp-json\/wp\/v2\/pages"}],"about":[{"href":"https:\/\/workhistory.eu\/en\/wp-json\/wp\/v2\/types\/page"}],"author":[{"embeddable":true,"href":"https:\/\/workhistory.eu\/en\/wp-json\/wp\/v2\/users\/2"}],"replies":[{"embeddable":true,"href":"https:\/\/workhistory.eu\/en\/wp-json\/wp\/v2\/comments?post=129"}],"version-history":[{"count":8,"href":"https:\/\/workhistory.eu\/en\/wp-json\/wp\/v2\/pages\/129\/revisions"}],"predecessor-version":[{"id":385,"href":"https:\/\/workhistory.eu\/en\/wp-json\/wp\/v2\/pages\/129\/revisions\/385"}],"up":[{"embeddable":true,"href":"https:\/\/workhistory.eu\/en\/wp-json\/wp\/v2\/pages\/33"}],"wp:attachment":[{"href":"https:\/\/workhistory.eu\/en\/wp-json\/wp\/v2\/media?parent=129"}],"curies":[{"name":"wp","href":"https:\/\/api.w.org\/{rel}","templated":true}]}}