{"id":137,"date":"2022-11-21T10:26:08","date_gmt":"2022-11-21T08:26:08","guid":{"rendered":"https:\/\/workhistory.eu\/?page_id=137"},"modified":"2024-10-18T14:57:21","modified_gmt":"2024-10-18T12:57:21","slug":"kisorsi-zsofia","status":"publish","type":"page","link":"https:\/\/workhistory.eu\/en\/kutatok\/kisorsi-zsofia\/","title":{"rendered":"Kis\u0151rsi Zs\u00f3fia"},"content":{"rendered":"<p class=\" translation-block\"><strong>Kis\u0151rsi, Zs\u00f3fia<\/strong> will work on the social history of commuter workers (ing\u00e1z\u00f3k), who\nrepresented an important group of paid laborers in the Hungarian model of socialism. They\nworked in factories in towns and cities but lived in neighboring villages, where they were also\nactive in agriculture (cf. Lad\u00e1nyi, Leonard). Her research will focus on how the commuters\nbridged two types of work and shifted between two types of workplace, especially in light\nindustry plants in Western Hungary (Szombathely and Zalaegerszeg: for example, the Savaria\nShoe Factory, the REMIX Radio Engineering Company, and the Cotton Company of\nSzombathely). She will be particularly interested in how the move back and forth between a\ncollective, centralized workplace and a more privately organized one shaped the attitudes of\ncommuters to work and their patterns of behavior in terms of deference and autonomy. She will also consider the effects of gender roles (esp. women workers) on the definitions and\noverlappings of paid and household work.<\/p>\n<p class=\" translation-block\"><b>Keywords:<\/b> commuter workers, workers of peasant origin, social position of workers, worker identities, oral history<\/p>","protected":false},"excerpt":{"rendered":"<p>Kis\u0151rsi Zs\u00f3fia vagyok, 2021-ben v\u00e9dtem [&hellip;]<\/p>","protected":false},"author":2,"featured_media":0,"parent":33,"menu_order":0,"comment_status":"closed","ping_status":"closed","template":"","meta":{"footnotes":""},"class_list":["post-137","page","type-page","status-publish","hentry"],"_links":{"self":[{"href":"https:\/\/workhistory.eu\/en\/wp-json\/wp\/v2\/pages\/137","targetHints":{"allow":["GET"]}}],"collection":[{"href":"https:\/\/workhistory.eu\/en\/wp-json\/wp\/v2\/pages"}],"about":[{"href":"https:\/\/workhistory.eu\/en\/wp-json\/wp\/v2\/types\/page"}],"author":[{"embeddable":true,"href":"https:\/\/workhistory.eu\/en\/wp-json\/wp\/v2\/users\/2"}],"replies":[{"embeddable":true,"href":"https:\/\/workhistory.eu\/en\/wp-json\/wp\/v2\/comments?post=137"}],"version-history":[{"count":4,"href":"https:\/\/workhistory.eu\/en\/wp-json\/wp\/v2\/pages\/137\/revisions"}],"predecessor-version":[{"id":340,"href":"https:\/\/workhistory.eu\/en\/wp-json\/wp\/v2\/pages\/137\/revisions\/340"}],"up":[{"embeddable":true,"href":"https:\/\/workhistory.eu\/en\/wp-json\/wp\/v2\/pages\/33"}],"wp:attachment":[{"href":"https:\/\/workhistory.eu\/en\/wp-json\/wp\/v2\/media?parent=137"}],"curies":[{"name":"wp","href":"https:\/\/api.w.org\/{rel}","templated":true}]}}