{"id":185,"date":"2022-11-21T21:51:21","date_gmt":"2022-11-21T19:51:21","guid":{"rendered":"https:\/\/workhistory.eu\/?page_id=185"},"modified":"2024-10-18T14:57:10","modified_gmt":"2024-10-18T12:57:10","slug":"bako-boglarka","status":"publish","type":"page","link":"https:\/\/workhistory.eu\/en\/kutatok\/bako-boglarka\/","title":{"rendered":"Bak\u00f3 Bogl\u00e1rka"},"content":{"rendered":"<p><img loading=\"lazy\" decoding=\"async\" class=\"size-medium wp-image-402 alignleft\" src=\"https:\/\/workhistory.eu\/wp-content\/uploads\/2023\/01\/DSC_0509-3-bb-300x282.jpg\" alt=\"\" width=\"300\" height=\"282\" srcset=\"https:\/\/workhistory.eu\/wp-content\/uploads\/2023\/01\/DSC_0509-3-bb-300x282.jpg 300w, https:\/\/workhistory.eu\/wp-content\/uploads\/2023\/01\/DSC_0509-3-bb-1024x961.jpg 1024w, https:\/\/workhistory.eu\/wp-content\/uploads\/2023\/01\/DSC_0509-3-bb-768x721.jpg 768w, https:\/\/workhistory.eu\/wp-content\/uploads\/2023\/01\/DSC_0509-3-bb-1536x1442.jpg 1536w, https:\/\/workhistory.eu\/wp-content\/uploads\/2023\/01\/DSC_0509-3-bb-13x12.jpg 13w, https:\/\/workhistory.eu\/wp-content\/uploads\/2023\/01\/DSC_0509-3-bb-1140x1070.jpg 1140w, https:\/\/workhistory.eu\/wp-content\/uploads\/2023\/01\/DSC_0509-3-bb-920x863.jpg 920w, https:\/\/workhistory.eu\/wp-content\/uploads\/2023\/01\/DSC_0509-3-bb-575x540.jpg 575w, https:\/\/workhistory.eu\/wp-content\/uploads\/2023\/01\/DSC_0509-3-bb-380x357.jpg 380w, https:\/\/workhistory.eu\/wp-content\/uploads\/2023\/01\/DSC_0509-3-bb.jpg 1595w\" sizes=\"auto, (max-width: 300px) 100vw, 300px\" \/><\/p>\n<p><span style=\"font-weight: 400;\"><strong>Bak\u00f3 Bogl\u00e1rka<\/strong> PhD (kultur\u00e1lis antropol\u00f3gus, romol\u00f3gus, f\u00fcggetlen kutat\u00f3)<\/span><\/p>\n<p>F\u0151 kutat\u00e1si ter\u00fcletei a rom\u00e1kkal\/cig\u00e1nyokkal szembeni sztereot\u00edpi\u00e1k \u00e9s el\u0151\u00edt\u00e9letek, az interetnikus, lok\u00e1lis egy\u00fctt\u00e9l\u00e9si viszonyok, valamint a roma\/cig\u00e1ny k\u00f6z\u00f6ss\u00e9gek munkav\u00e1llal\u00e1si strat\u00e9gi\u00e1i. A Lend\u00fclet projekt keretei k\u00f6z\u00f6tt Pest megyei telep\u00fcl\u00e9sek p\u00e9ld\u00e1in kereszt\u00fcl a falusi cig\u00e1nys\u00e1g munk\u00e1hoz val\u00f3 viszony\u00e1t \u00e9s munkav\u00e1llal\u00e1si strat\u00e9gi\u00e1it elemzi. A kutat\u00e1s kiemelt figyelmet ford\u00edt a sz\u00f6vetkezeti \u00e9s gy\u00e1ri munkav\u00e1llal\u00e1s form\u00e1ira az 1930-as \u00e9vekt\u0151l kezdve a k\u00e9tezres \u00e9vekig.<\/p>\n<p>A kutat\u00e1s f\u0151 k\u00e9rd\u00e9se az, hogy a roma\/cig\u00e1ny n\u00e9pess\u00e9ggel kapcsolatba ker\u00fclt int\u00e9zm\u00e9nyek hogyan \u00e9s mi\u00e9rt alak\u00edtottak ki k\u00fcl\u00f6nb\u00f6z\u0151 viszonyt a k\u00f6z\u00f6ss\u00e9gek munkav\u00e1llal\u00e1si strat\u00e9gi\u00e1ihoz. A kutatott telep\u00fcl\u00e9seken hagyom\u00e1nyos szegkov\u00e1cs mesters\u00e9get folytat\u00f3 romungro cig\u00e1nyok, romungro zen\u00e9sz, k\u00f6rhint\u00e1s szint\u00f3 \u00e9s v\u00e1ndorl\u00e1sb\u00f3l letelep\u00fclt ol\u00e1h cig\u00e1nyok \u00e9ltek egy\u00fctt. A megyei \u00e9s a k\u00f6zs\u00e9gi tan\u00e1cs, az oktat\u00e1s\u00e9rt felel\u0151s m\u0171vel\u0151d\u00e9si oszt\u00e1ly \u00e9s az eg\u00e9szs\u00e9g\u00fcgyi hat\u00f3s\u00e1gok elt\u00e9r\u0151 m\u00f3don viszonyultak a roma\/cig\u00e1ny k\u00f6z\u00f6ss\u00e9gekhez. A kutat\u00e1s azt vizsg\u00e1lja, hogyan lett a munka fogalma e k\u00fcl\u00f6nb\u00f6z\u0151 viszony igazol\u00e1s\u00e1nak eszk\u00f6ze.<\/p>\n<p class=\" translation-block\"><b>Keywords:<\/b> work, Roma\/Gypsy, prejudices\/stereotypes, strategies, practices, relational systems<\/p>\n<p>&nbsp;<\/p>","protected":false},"excerpt":{"rendered":"<p>Bak\u00f3 Bogl\u00e1rka PhD (kultur\u00e1lis antropol\u00f3gus, [&hellip;]<\/p>","protected":false},"author":4,"featured_media":0,"parent":33,"menu_order":0,"comment_status":"closed","ping_status":"closed","template":"","meta":{"footnotes":""},"class_list":["post-185","page","type-page","status-publish","hentry"],"_links":{"self":[{"href":"https:\/\/workhistory.eu\/en\/wp-json\/wp\/v2\/pages\/185","targetHints":{"allow":["GET"]}}],"collection":[{"href":"https:\/\/workhistory.eu\/en\/wp-json\/wp\/v2\/pages"}],"about":[{"href":"https:\/\/workhistory.eu\/en\/wp-json\/wp\/v2\/types\/page"}],"author":[{"embeddable":true,"href":"https:\/\/workhistory.eu\/en\/wp-json\/wp\/v2\/users\/4"}],"replies":[{"embeddable":true,"href":"https:\/\/workhistory.eu\/en\/wp-json\/wp\/v2\/comments?post=185"}],"version-history":[{"count":8,"href":"https:\/\/workhistory.eu\/en\/wp-json\/wp\/v2\/pages\/185\/revisions"}],"predecessor-version":[{"id":404,"href":"https:\/\/workhistory.eu\/en\/wp-json\/wp\/v2\/pages\/185\/revisions\/404"}],"up":[{"embeddable":true,"href":"https:\/\/workhistory.eu\/en\/wp-json\/wp\/v2\/pages\/33"}],"wp:attachment":[{"href":"https:\/\/workhistory.eu\/en\/wp-json\/wp\/v2\/media?parent=185"}],"curies":[{"name":"wp","href":"https:\/\/api.w.org\/{rel}","templated":true}]}}