{"id":193,"date":"2022-11-21T21:58:49","date_gmt":"2022-11-21T19:58:49","guid":{"rendered":"https:\/\/workhistory.eu\/?page_id=193"},"modified":"2024-10-18T14:57:10","modified_gmt":"2024-10-18T12:57:10","slug":"csurgo-bernadett","status":"publish","type":"page","link":"https:\/\/workhistory.eu\/en\/kutatok\/csurgo-bernadett\/","title":{"rendered":"Csurg\u00f3 Bernadett"},"content":{"rendered":"<p><img loading=\"lazy\" decoding=\"async\" class=\"alignleft wp-image-194 size-medium\" src=\"https:\/\/workhistory.eu\/wp-content\/uploads\/2022\/11\/csurgobernadett2-scaled-e1669727965134-218x300.jpg\" alt=\"\" width=\"218\" height=\"300\" srcset=\"https:\/\/workhistory.eu\/wp-content\/uploads\/2022\/11\/csurgobernadett2-scaled-e1669727965134-218x300.jpg 218w, https:\/\/workhistory.eu\/wp-content\/uploads\/2022\/11\/csurgobernadett2-scaled-e1669727965134-744x1024.jpg 744w, https:\/\/workhistory.eu\/wp-content\/uploads\/2022\/11\/csurgobernadett2-scaled-e1669727965134-768x1056.jpg 768w, https:\/\/workhistory.eu\/wp-content\/uploads\/2022\/11\/csurgobernadett2-scaled-e1669727965134-1117x1536.jpg 1117w, https:\/\/workhistory.eu\/wp-content\/uploads\/2022\/11\/csurgobernadett2-scaled-e1669727965134-1489x2048.jpg 1489w, https:\/\/workhistory.eu\/wp-content\/uploads\/2022\/11\/csurgobernadett2-scaled-e1669727965134-9x12.jpg 9w, https:\/\/workhistory.eu\/wp-content\/uploads\/2022\/11\/csurgobernadett2-scaled-e1669727965134-1140x1568.jpg 1140w, https:\/\/workhistory.eu\/wp-content\/uploads\/2022\/11\/csurgobernadett2-scaled-e1669727965134-920x1265.jpg 920w, https:\/\/workhistory.eu\/wp-content\/uploads\/2022\/11\/csurgobernadett2-scaled-e1669727965134-575x791.jpg 575w, https:\/\/workhistory.eu\/wp-content\/uploads\/2022\/11\/csurgobernadett2-scaled-e1669727965134-380x523.jpg 380w, https:\/\/workhistory.eu\/wp-content\/uploads\/2022\/11\/csurgobernadett2-scaled-e1669727965134.jpg 1707w\" sizes=\"auto, (max-width: 218px) 100vw, 218px\" \/><\/p>\n<p><strong>Csurg\u00f3 Bernadett<\/strong><span style=\"font-weight: 400;\"> PhD, szociol\u00f3gus, a TK Szociol\u00f3gia Int\u00e9zet\u00e9nek tudom\u00e1nyos f\u0151munkat\u00e1rsa. F\u0151 kutat\u00e1si ter\u00fcletei vid\u00e9kszociol\u00f3gia, v\u00e1ros-vid\u00e9k kapcsolatok, vid\u00e9ki n\u0151k, kultur\u00e1lis \u00f6r\u00f6ks\u00e9g, a vid\u00e9ki t\u00e1rsadalom \u00e1talakul\u00e1sa. A WORK kutat\u00f3csoportban a f\u00f6ldh\u00f6z val\u00f3 viszonyt \u00e9s a mez\u0151gazdas\u00e1gi munka jelent\u00e9startalmait vizsg\u00e1lom t\u00f6rt\u00e9neti perspekt\u00edv\u00e1ban.<\/span><\/p>\n<p><span style=\"font-weight: 400;\">A kutat\u00e1s sor\u00e1n t\u00e9rs\u00e9gi esettanulm\u00e1nyok seg\u00edts\u00e9g\u00e9vel mez\u0151gazdas\u00e1gi v\u00e1llalkoz\u00f3kkal k\u00e9sz\u00edtett interj\u00fak elemz\u00e9s\u00e9vel azt vizsg\u00e1lom, hogy a mai mez\u0151gazdas\u00e1gi v\u00e1llalkoz\u00f3k \u00e9let\u00fatj\u00e1ban, jelenlegi f\u00f6ldh\u00f6z val\u00f3 viszony\u00e1ban \u00e9s a mez\u0151gazdas\u00e1gi munka jelent\u00e9startalmaiban hogyan \u00e9rhet\u0151 tetten a kollektiviz\u00e1l\u00e1s illetve a m\u00e1sodik gazdas\u00e1g egy\u00e9ni (csal\u00e1dt\u00f6rt\u00e9neti) \u00e9s t\u00e1rsadalmi tapasztalata. Az elemz\u00e9s ez\u00e1ltal mikrot\u00f6rt\u00e9neti perspekt\u00edv\u00e1b\u00f3l, 40 \u00e9v t\u00e1vlat\u00e1b\u00f3l arra t\u00f6rekszik, hogy (\u00fajra)\u00e9rtelmezze a szocialista korszakban kibontakoz\u00f3 (paraszt)polg\u00e1rosod\u00e1s t\u00e9zist\/vit\u00e1t, amely m\u00e1sodik gazdas\u00e1got a polg\u00e1rosod\u00e1s alapj\u00e1nak, gy\u00f6ker\u00e9nek, maradv\u00e1ny\u00e1nak tekintette \u00e9s felt\u00e1rja a k\u00e1d\u00e1r kori mez\u0151gazdas\u00e1gi munka \u00e9s f\u00f6ldh\u00f6z val\u00f3 viszony hat\u00e1s\u00e1t a jelenkori gazd\u00e1lkod\u00f3k mez\u0151gazdas\u00e1gi munk\u00e1hoz \u00e9s f\u00f6ldh\u00f6z val\u00f3 viszony\u00e1ban \u00e9s gazd\u00e1lkod\u00f3i habitus\u00e1ban.\u00a0<\/span><\/p>\n<p class=\" translation-block\"><b>Keywords:<\/b> agricultural work, farmers, relationship to land, second economy<\/p>","protected":false},"excerpt":{"rendered":"<p>Csurg\u00f3 Bernadett PhD, szociol\u00f3gus, a [&hellip;]<\/p>","protected":false},"author":4,"featured_media":0,"parent":33,"menu_order":0,"comment_status":"closed","ping_status":"closed","template":"","meta":{"footnotes":""},"class_list":["post-193","page","type-page","status-publish","hentry"],"_links":{"self":[{"href":"https:\/\/workhistory.eu\/en\/wp-json\/wp\/v2\/pages\/193","targetHints":{"allow":["GET"]}}],"collection":[{"href":"https:\/\/workhistory.eu\/en\/wp-json\/wp\/v2\/pages"}],"about":[{"href":"https:\/\/workhistory.eu\/en\/wp-json\/wp\/v2\/types\/page"}],"author":[{"embeddable":true,"href":"https:\/\/workhistory.eu\/en\/wp-json\/wp\/v2\/users\/4"}],"replies":[{"embeddable":true,"href":"https:\/\/workhistory.eu\/en\/wp-json\/wp\/v2\/comments?post=193"}],"version-history":[{"count":4,"href":"https:\/\/workhistory.eu\/en\/wp-json\/wp\/v2\/pages\/193\/revisions"}],"predecessor-version":[{"id":390,"href":"https:\/\/workhistory.eu\/en\/wp-json\/wp\/v2\/pages\/193\/revisions\/390"}],"up":[{"embeddable":true,"href":"https:\/\/workhistory.eu\/en\/wp-json\/wp\/v2\/pages\/33"}],"wp:attachment":[{"href":"https:\/\/workhistory.eu\/en\/wp-json\/wp\/v2\/media?parent=193"}],"curies":[{"name":"wp","href":"https:\/\/api.w.org\/{rel}","templated":true}]}}