{"id":199,"date":"2022-11-21T22:15:38","date_gmt":"2022-11-21T20:15:38","guid":{"rendered":"https:\/\/workhistory.eu\/?page_id=199"},"modified":"2024-10-18T14:57:10","modified_gmt":"2024-10-18T12:57:10","slug":"focze-janos","status":"publish","type":"page","link":"https:\/\/workhistory.eu\/en\/kutatok\/focze-janos\/","title":{"rendered":"F\u0151cze J\u00e1nos"},"content":{"rendered":"<p><img loading=\"lazy\" decoding=\"async\" class=\"size-medium wp-image-200 alignleft\" src=\"https:\/\/workhistory.eu\/wp-content\/uploads\/2022\/11\/Focze-Janos_portre-300x300.jpg\" alt=\"\" width=\"300\" height=\"300\" srcset=\"https:\/\/workhistory.eu\/wp-content\/uploads\/2022\/11\/Focze-Janos_portre-300x300.jpg 300w, https:\/\/workhistory.eu\/wp-content\/uploads\/2022\/11\/Focze-Janos_portre-1024x1024.jpg 1024w, https:\/\/workhistory.eu\/wp-content\/uploads\/2022\/11\/Focze-Janos_portre-150x150.jpg 150w, https:\/\/workhistory.eu\/wp-content\/uploads\/2022\/11\/Focze-Janos_portre-768x768.jpg 768w, https:\/\/workhistory.eu\/wp-content\/uploads\/2022\/11\/Focze-Janos_portre-12x12.jpg 12w, https:\/\/workhistory.eu\/wp-content\/uploads\/2022\/11\/Focze-Janos_portre-920x920.jpg 920w, https:\/\/workhistory.eu\/wp-content\/uploads\/2022\/11\/Focze-Janos_portre-575x575.jpg 575w, https:\/\/workhistory.eu\/wp-content\/uploads\/2022\/11\/Focze-Janos_portre-380x380.jpg 380w, https:\/\/workhistory.eu\/wp-content\/uploads\/2022\/11\/Focze-Janos_portre.jpg 1080w\" sizes=\"auto, (max-width: 300px) 100vw, 300px\" \/><\/p>\n<p class=\" translation-block\">F\u0151cze, J\u00e1nos will explore prevalent forms of work in the Hungarian-speaking regions of Romania as a pilot study. He will focus on how the connections between regional urban centers and neighboring rural areas shaped the organization of work. F\u0151cze will focus on the organization of work in Transylvania. He will explore the historical origins of the forms of work and study how earlier legacies of labor and lobbying continued to shape patterns of work in these regions. F\u0151cze will also add research on the impacts of specific interethnic relationships on workplace relations.<\/p>\n<p class=\" translation-block\"><b>Keywords:<\/b> Sz\u00e9pv\u00edz\/Frumoasa, modernization, migration, cultural interferences, everyday life<\/p>","protected":false},"excerpt":{"rendered":"<p>F\u0151cze J\u00e1nos t\u00f6rt\u00e9n\u00e9sz 2019-ben v\u00e9dte [&hellip;]<\/p>","protected":false},"author":4,"featured_media":0,"parent":33,"menu_order":0,"comment_status":"closed","ping_status":"closed","template":"","meta":{"footnotes":""},"class_list":["post-199","page","type-page","status-publish","hentry"],"_links":{"self":[{"href":"https:\/\/workhistory.eu\/en\/wp-json\/wp\/v2\/pages\/199","targetHints":{"allow":["GET"]}}],"collection":[{"href":"https:\/\/workhistory.eu\/en\/wp-json\/wp\/v2\/pages"}],"about":[{"href":"https:\/\/workhistory.eu\/en\/wp-json\/wp\/v2\/types\/page"}],"author":[{"embeddable":true,"href":"https:\/\/workhistory.eu\/en\/wp-json\/wp\/v2\/users\/4"}],"replies":[{"embeddable":true,"href":"https:\/\/workhistory.eu\/en\/wp-json\/wp\/v2\/comments?post=199"}],"version-history":[{"count":3,"href":"https:\/\/workhistory.eu\/en\/wp-json\/wp\/v2\/pages\/199\/revisions"}],"predecessor-version":[{"id":389,"href":"https:\/\/workhistory.eu\/en\/wp-json\/wp\/v2\/pages\/199\/revisions\/389"}],"up":[{"embeddable":true,"href":"https:\/\/workhistory.eu\/en\/wp-json\/wp\/v2\/pages\/33"}],"wp:attachment":[{"href":"https:\/\/workhistory.eu\/en\/wp-json\/wp\/v2\/media?parent=199"}],"curies":[{"name":"wp","href":"https:\/\/api.w.org\/{rel}","templated":true}]}}