{"id":202,"date":"2022-11-21T22:21:26","date_gmt":"2022-11-21T20:21:26","guid":{"rendered":"https:\/\/workhistory.eu\/?page_id=202"},"modified":"2024-10-18T14:57:10","modified_gmt":"2024-10-18T12:57:10","slug":"grexa-izabella","status":"publish","type":"page","link":"https:\/\/workhistory.eu\/en\/kutatok\/grexa-izabella\/","title":{"rendered":"Grexa Izabella"},"content":{"rendered":"<p><span style=\"font-weight: 400;\"><img loading=\"lazy\" decoding=\"async\" class=\"size-medium wp-image-203 alignleft\" src=\"https:\/\/workhistory.eu\/wp-content\/uploads\/2022\/11\/Foto_GrexaI-266x300.jpg\" alt=\"\" width=\"266\" height=\"300\" srcset=\"https:\/\/workhistory.eu\/wp-content\/uploads\/2022\/11\/Foto_GrexaI-266x300.jpg 266w, https:\/\/workhistory.eu\/wp-content\/uploads\/2022\/11\/Foto_GrexaI-909x1024.jpg 909w, https:\/\/workhistory.eu\/wp-content\/uploads\/2022\/11\/Foto_GrexaI-768x866.jpg 768w, https:\/\/workhistory.eu\/wp-content\/uploads\/2022\/11\/Foto_GrexaI-11x12.jpg 11w, https:\/\/workhistory.eu\/wp-content\/uploads\/2022\/11\/Foto_GrexaI-1140x1285.jpg 1140w, https:\/\/workhistory.eu\/wp-content\/uploads\/2022\/11\/Foto_GrexaI-920x1037.jpg 920w, https:\/\/workhistory.eu\/wp-content\/uploads\/2022\/11\/Foto_GrexaI-575x648.jpg 575w, https:\/\/workhistory.eu\/wp-content\/uploads\/2022\/11\/Foto_GrexaI-380x428.jpg 380w, https:\/\/workhistory.eu\/wp-content\/uploads\/2022\/11\/Foto_GrexaI.jpg 1235w\" sizes=\"auto, (max-width: 266px) 100vw, 266px\" \/><\/span><\/p>\n<p><strong>Grexa Izabella\u00a0<\/strong><span style=\"font-weight: 400;\">doktorjel\u00f6lt (PTE BTK Interdiszciplin\u00e1ris Doktori Iskola), <\/span><span style=\"font-weight: 400;\">az MTA Filoz\u00f3fiai \u00e9s T\u00f6rt\u00e9nettudom\u00e1nyok Oszt\u00e1ly\u00e1nak oszt\u00e1lytitk\u00e1ra.<\/span><\/p>\n<p><span style=\"font-weight: 400;\">Eddigi kutat\u00e1saimban az \u00e1llamszocializmus margin\u00e1lis n\u0151i l\u00e9thelyzet\u00e9t vizsg\u00e1ltam. Egy v\u00e9letlennek k\u00f6sz\u00f6nhet\u0151en tal\u00e1ltam egy munk\u00e1sn\u0151 egodokumentumaira (napl\u00f3, visszaeml\u00e9kez\u00e9s, levelek \u00e9s fot\u00f3k), amelyb\u0151l a <i>Kir\u00e1ly Erzs\u00e9bet: Kedves napl\u00f3m. Egy munk\u00e1sasszony eml\u00e9kei<\/i>\u00a0(2015) forr\u00e1skiadv\u00e1ny k\u00e9sz\u00fclt. Az egodokumentumok seg\u00edts\u00e9g\u00e9vel a margin\u00e1lis n\u0151i l\u00e9t t\u00fal\u00e9l\u00e9si strat\u00e9gi\u00e1it, kit\u00f6r\u00e9si pontjait, boldogul\u00e1si lehet\u0151s\u00e9geit, \u00f6n\u00e9rdek\u00e9rv\u00e9nyes\u00edt\u00e9st tanulm\u00e1nyoztam. A n\u0151i \u00e9rdek\u00e9rv\u00e9nyes\u00edt\u00e9st \u2013 a munka \u00e9s a priv\u00e1tszf\u00e9ra tekintet\u00e9ben \u2013 t\u00e1gabb perspekt\u00edv\u00e1ba helyezve n\u0151k \u00e1ltal \u00edrt panaszos levelek, beadv\u00e1nyok, k\u00e9relmek alapj\u00e1n \u00e9rtelmezem.<\/span><\/p>\n<p class=\" translation-block\"><strong>Keywords:<\/strong> female laborers, ego-documents by women, everyday life<\/p>","protected":false},"excerpt":{"rendered":"<p>Grexa Izabella\u00a0doktorjel\u00f6lt (PTE BTK Interdiszciplin\u00e1ris [&hellip;]<\/p>","protected":false},"author":4,"featured_media":0,"parent":33,"menu_order":0,"comment_status":"closed","ping_status":"closed","template":"","meta":{"footnotes":""},"class_list":["post-202","page","type-page","status-publish","hentry"],"_links":{"self":[{"href":"https:\/\/workhistory.eu\/en\/wp-json\/wp\/v2\/pages\/202","targetHints":{"allow":["GET"]}}],"collection":[{"href":"https:\/\/workhistory.eu\/en\/wp-json\/wp\/v2\/pages"}],"about":[{"href":"https:\/\/workhistory.eu\/en\/wp-json\/wp\/v2\/types\/page"}],"author":[{"embeddable":true,"href":"https:\/\/workhistory.eu\/en\/wp-json\/wp\/v2\/users\/4"}],"replies":[{"embeddable":true,"href":"https:\/\/workhistory.eu\/en\/wp-json\/wp\/v2\/comments?post=202"}],"version-history":[{"count":3,"href":"https:\/\/workhistory.eu\/en\/wp-json\/wp\/v2\/pages\/202\/revisions"}],"predecessor-version":[{"id":392,"href":"https:\/\/workhistory.eu\/en\/wp-json\/wp\/v2\/pages\/202\/revisions\/392"}],"up":[{"embeddable":true,"href":"https:\/\/workhistory.eu\/en\/wp-json\/wp\/v2\/pages\/33"}],"wp:attachment":[{"href":"https:\/\/workhistory.eu\/en\/wp-json\/wp\/v2\/media?parent=202"}],"curies":[{"name":"wp","href":"https:\/\/api.w.org\/{rel}","templated":true}]}}