{"id":205,"date":"2022-11-21T22:23:34","date_gmt":"2022-11-21T20:23:34","guid":{"rendered":"https:\/\/workhistory.eu\/?page_id=205"},"modified":"2024-10-18T14:57:21","modified_gmt":"2024-10-18T12:57:21","slug":"kelemen-katalin","status":"publish","type":"page","link":"https:\/\/workhistory.eu\/en\/kutatok\/kelemen-katalin\/","title":{"rendered":"Kelemen Katalin"},"content":{"rendered":"<p><img loading=\"lazy\" decoding=\"async\" class=\"size-medium wp-image-206 alignleft\" src=\"https:\/\/workhistory.eu\/wp-content\/uploads\/2022\/11\/kelemen-portre-225x300.jpg\" alt=\"\" width=\"225\" height=\"300\" srcset=\"https:\/\/workhistory.eu\/wp-content\/uploads\/2022\/11\/kelemen-portre-225x300.jpg 225w, https:\/\/workhistory.eu\/wp-content\/uploads\/2022\/11\/kelemen-portre-768x1024.jpg 768w, https:\/\/workhistory.eu\/wp-content\/uploads\/2022\/11\/kelemen-portre-9x12.jpg 9w, https:\/\/workhistory.eu\/wp-content\/uploads\/2022\/11\/kelemen-portre-920x1227.jpg 920w, https:\/\/workhistory.eu\/wp-content\/uploads\/2022\/11\/kelemen-portre-575x767.jpg 575w, https:\/\/workhistory.eu\/wp-content\/uploads\/2022\/11\/kelemen-portre-380x507.jpg 380w, https:\/\/workhistory.eu\/wp-content\/uploads\/2022\/11\/kelemen-portre.jpg 953w\" sizes=\"auto, (max-width: 225px) 100vw, 225px\" \/><\/p>\n<p><strong>Kelemen Katalin<\/strong>, az ELTE \u00c1JK K\u00f6zgazdas\u00e1gtan \u00e9s Statisztika Tansz\u00e9k\u00e9nek egyetemi docense. Egyetemi tanulm\u00e1nyaimat k\u00f6zgazd\u00e1szk\u00e9nt, doktori k\u00e9pz\u00e9semet szociol\u00f3gi\u00e1b\u00f3l v\u00e9geztem, az \u00e9rdekl\u0151d\u00e9sem f\u00f3kusz\u00e1ban mindig is olyan k\u00e9rd\u00e9sek \u00e1lltak, amelyek interdiszciplin\u00e1ris k\u00f6zel\u00edt\u00e9st ig\u00e9nyeltek.<\/p>\n<p>Jelen program keretei k\u00f6z\u00f6tt \u2013 kapcsol\u00f3dva kor\u00e1bbi munk\u00e1imhoz \u2013 a nyolcvanas \u00e9vek, illetve a rendszerv\u00e1lt\u00e1s\/v\u00e1ltoz\u00e1s id\u0151szak\u00e1nak v\u00e1ltoz\u00f3 int\u00e9zm\u00e9nyi k\u00f6rnyezete kontextus\u00e1ban vizsg\u00e1lok sikeres v\u00e1llalkoz\u00f3i karriereket. Azt elemzem, hogy a k\u00e9sei szocializmusban a hi\u00e1nygazdas\u00e1g, a rugalmatlan \u00e1llami v\u00e1llalatok \u00e1rny\u00e9k\u00e1ban hogyan \u201enevel\u0151dtek ki\u201d innovat\u00edv gazdas\u00e1gi szerepl\u0151k, illetve azt keresem, hogy ebben a kiv\u00e9teles, \u00e1tmeneti korszakban hogyan \u00e9s milyen er\u0151forr\u00e1sok seg\u00edts\u00e9g\u00e9vel tudtak sikeresen alkalmazkodni, illetve megragadni a k\u00f6rnyezet k\u00edn\u00e1lta lehet\u0151s\u00e9geket.<\/p>\n<p>Miut\u00e1n az \u00e1talakul\u00e1s irodalm\u00e1ban a j\u00f3 poz\u00edci\u00f3k megszerz\u00e9s\u00e9nek hangs\u00falyos \u00fatja volt a t\u00e1rsadalmi \u00e9s politikai kapcsolatok, mint t\u0151k\u00e9k konvert\u00e1l\u00e1sa, fontos szempont, hogy az \u00e1ltalam vizsg\u00e1lt esetek egyik\u00e9ben sem ez t\u00f6rt\u00e9nt, a kor\u00e1bbi \u00e1llami tulajdon \u00fajraeloszt\u00e1s\u00e1ban egyik\u00fck sem vett r\u00e9szt.<\/p>\n<p class=\" translation-block\"><strong>Keywords:<\/strong> case study, career building, entrepreneurs of the 1980s, creative adaptation, regime change<\/p>","protected":false},"excerpt":{"rendered":"<p>Kelemen Katalin, az ELTE \u00c1JK [&hellip;]<\/p>","protected":false},"author":4,"featured_media":0,"parent":33,"menu_order":0,"comment_status":"closed","ping_status":"closed","template":"","meta":{"footnotes":""},"class_list":["post-205","page","type-page","status-publish","hentry"],"_links":{"self":[{"href":"https:\/\/workhistory.eu\/en\/wp-json\/wp\/v2\/pages\/205","targetHints":{"allow":["GET"]}}],"collection":[{"href":"https:\/\/workhistory.eu\/en\/wp-json\/wp\/v2\/pages"}],"about":[{"href":"https:\/\/workhistory.eu\/en\/wp-json\/wp\/v2\/types\/page"}],"author":[{"embeddable":true,"href":"https:\/\/workhistory.eu\/en\/wp-json\/wp\/v2\/users\/4"}],"replies":[{"embeddable":true,"href":"https:\/\/workhistory.eu\/en\/wp-json\/wp\/v2\/comments?post=205"}],"version-history":[{"count":3,"href":"https:\/\/workhistory.eu\/en\/wp-json\/wp\/v2\/pages\/205\/revisions"}],"predecessor-version":[{"id":393,"href":"https:\/\/workhistory.eu\/en\/wp-json\/wp\/v2\/pages\/205\/revisions\/393"}],"up":[{"embeddable":true,"href":"https:\/\/workhistory.eu\/en\/wp-json\/wp\/v2\/pages\/33"}],"wp:attachment":[{"href":"https:\/\/workhistory.eu\/en\/wp-json\/wp\/v2\/media?parent=205"}],"curies":[{"name":"wp","href":"https:\/\/api.w.org\/{rel}","templated":true}]}}