{"id":208,"date":"2022-11-21T22:34:06","date_gmt":"2022-11-21T20:34:06","guid":{"rendered":"https:\/\/workhistory.eu\/?page_id=208"},"modified":"2024-10-18T14:57:21","modified_gmt":"2024-10-18T12:57:21","slug":"laszlofi-viola","status":"publish","type":"page","link":"https:\/\/workhistory.eu\/en\/kutatok\/laszlofi-viola\/","title":{"rendered":"L\u00e1szl\u00f3fi Viola"},"content":{"rendered":"<p><span style=\"font-weight: 400;\"><img loading=\"lazy\" decoding=\"async\" class=\"size-medium wp-image-209 alignleft\" src=\"https:\/\/workhistory.eu\/wp-content\/uploads\/2022\/11\/16-289x300.jpg\" alt=\"\" width=\"289\" height=\"300\" srcset=\"https:\/\/workhistory.eu\/wp-content\/uploads\/2022\/11\/16-289x300.jpg 289w, https:\/\/workhistory.eu\/wp-content\/uploads\/2022\/11\/16-987x1024.jpg 987w, https:\/\/workhistory.eu\/wp-content\/uploads\/2022\/11\/16-768x797.jpg 768w, https:\/\/workhistory.eu\/wp-content\/uploads\/2022\/11\/16-1480x1536.jpg 1480w, https:\/\/workhistory.eu\/wp-content\/uploads\/2022\/11\/16-12x12.jpg 12w, https:\/\/workhistory.eu\/wp-content\/uploads\/2022\/11\/16-1140x1183.jpg 1140w, https:\/\/workhistory.eu\/wp-content\/uploads\/2022\/11\/16-920x955.jpg 920w, https:\/\/workhistory.eu\/wp-content\/uploads\/2022\/11\/16-575x597.jpg 575w, https:\/\/workhistory.eu\/wp-content\/uploads\/2022\/11\/16-380x394.jpg 380w, https:\/\/workhistory.eu\/wp-content\/uploads\/2022\/11\/16.jpg 1756w\" sizes=\"auto, (max-width: 289px) 100vw, 289px\" \/><\/span><\/p>\n<p class=\" translation-block\"><b>L\u00e1szl\u00f3fi, Viola<\/b> (PhD candidate) will work on the forms of work inside the healthcare services,\nfocusing on medical doctors and the issue of informal payment or under-the-table payment\n(h\u00e1lap\u00e9nz) (\u00c1d\u00e1m 1986, Kornai 2000) and sick pay fraud (t\u00e1pp\u00e9nzcsal\u00e1s).<\/p>\n<p><span style=\"font-weight: 400;\">She will explore\nthe roles of medical professionals in Hungarian socialist society and will examine similarities\nand dissimilarities with practices in medical work and institutions in the West at the time\n(Windling 2014). She will study these questions from the perspectives of five major themes:\nthe links between publicly funded and private forms of healthcare (Antal 2018, Losonczi 1989),\nthe ethical concerns of socialist medical professions (\u00c9thique m\u00e9dicale 2005), the organization\nof the workplace as a site of encounter between doctors and patients, and the management of\ninformation concerning patients. Her work will address how welfare services and the forms of\nwork associated with this sector were organized in the context of the second economy (Knudsen\n23\n2015). She will explore how obtaining such services represented a special form of consumption\nin the Hungarian socialist model and how the extra income generated in this sector shaped\npatterns of consumption. Furthermore, her work will address the moral questions of different\nforms of payment (private care or informal payment, or what is known in Hungary as\nparasolvency) and the grey zone of medical services. She will particularly study which groups\nand what forms of these types of work were considered right or wrong, and she will assess the\nextent to which these practices were motivated by the general limits and deficiencies of state\nsocialist healthcare or what other explanations there might be for the presence and the\nincreasing problematization of these practices.<\/span><\/p>\n<p class=\" translation-block\"><b>Keywords:<\/b> informal payment, doctor-patient relationship, free healthcare, history of medicine, state-socialism<\/p>","protected":false},"excerpt":{"rendered":"<p>L\u00e1szl\u00f3fi Viola a p\u00e1rizsi \u00c9cole [&hellip;]<\/p>","protected":false},"author":4,"featured_media":0,"parent":33,"menu_order":0,"comment_status":"closed","ping_status":"closed","template":"","meta":{"footnotes":""},"class_list":["post-208","page","type-page","status-publish","hentry"],"_links":{"self":[{"href":"https:\/\/workhistory.eu\/en\/wp-json\/wp\/v2\/pages\/208","targetHints":{"allow":["GET"]}}],"collection":[{"href":"https:\/\/workhistory.eu\/en\/wp-json\/wp\/v2\/pages"}],"about":[{"href":"https:\/\/workhistory.eu\/en\/wp-json\/wp\/v2\/types\/page"}],"author":[{"embeddable":true,"href":"https:\/\/workhistory.eu\/en\/wp-json\/wp\/v2\/users\/4"}],"replies":[{"embeddable":true,"href":"https:\/\/workhistory.eu\/en\/wp-json\/wp\/v2\/comments?post=208"}],"version-history":[{"count":3,"href":"https:\/\/workhistory.eu\/en\/wp-json\/wp\/v2\/pages\/208\/revisions"}],"predecessor-version":[{"id":343,"href":"https:\/\/workhistory.eu\/en\/wp-json\/wp\/v2\/pages\/208\/revisions\/343"}],"up":[{"embeddable":true,"href":"https:\/\/workhistory.eu\/en\/wp-json\/wp\/v2\/pages\/33"}],"wp:attachment":[{"href":"https:\/\/workhistory.eu\/en\/wp-json\/wp\/v2\/media?parent=208"}],"curies":[{"name":"wp","href":"https:\/\/api.w.org\/{rel}","templated":true}]}}