{"id":211,"date":"2022-11-21T22:37:04","date_gmt":"2022-11-21T20:37:04","guid":{"rendered":"https:\/\/workhistory.eu\/?page_id=211"},"modified":"2024-10-18T14:57:21","modified_gmt":"2024-10-18T12:57:21","slug":"lengyel-eszter","status":"publish","type":"page","link":"https:\/\/workhistory.eu\/en\/kutatok\/lengyel-eszter\/","title":{"rendered":"Lengyel Eszter"},"content":{"rendered":"<p><span style=\"font-weight: 400;\"><img loading=\"lazy\" decoding=\"async\" class=\"size-medium wp-image-212 alignleft\" src=\"https:\/\/workhistory.eu\/wp-content\/uploads\/2022\/11\/lengyel_eszter_1-300x300.jpg\" alt=\"\" width=\"300\" height=\"300\" srcset=\"https:\/\/workhistory.eu\/wp-content\/uploads\/2022\/11\/lengyel_eszter_1-300x300.jpg 300w, https:\/\/workhistory.eu\/wp-content\/uploads\/2022\/11\/lengyel_eszter_1-1024x1024.jpg 1024w, https:\/\/workhistory.eu\/wp-content\/uploads\/2022\/11\/lengyel_eszter_1-150x150.jpg 150w, https:\/\/workhistory.eu\/wp-content\/uploads\/2022\/11\/lengyel_eszter_1-768x768.jpg 768w, https:\/\/workhistory.eu\/wp-content\/uploads\/2022\/11\/lengyel_eszter_1-12x12.jpg 12w, https:\/\/workhistory.eu\/wp-content\/uploads\/2022\/11\/lengyel_eszter_1-1140x1140.jpg 1140w, https:\/\/workhistory.eu\/wp-content\/uploads\/2022\/11\/lengyel_eszter_1-920x920.jpg 920w, https:\/\/workhistory.eu\/wp-content\/uploads\/2022\/11\/lengyel_eszter_1-575x575.jpg 575w, https:\/\/workhistory.eu\/wp-content\/uploads\/2022\/11\/lengyel_eszter_1-380x380.jpg 380w, https:\/\/workhistory.eu\/wp-content\/uploads\/2022\/11\/lengyel_eszter_1.jpg 1500w\" sizes=\"auto, (max-width: 300px) 100vw, 300px\" \/><\/span><\/p>\n<p class=\" translation-block\"><b>Lengyel, Eszter<\/b> will explore forms of work related to the sphere of privatized gardening\n(h\u00e1zt\u00e1ji). Her work, thus, will address one of the most important fields of the second economy\nin rural communities. She will focus on how work was organized in these family-run plots and\nhow it was related to the agricultural cooperatives that often provided technology and resources\n(F\u00e9l-Hofer, \u00d6. Kov\u00e1cs, Varga, Iordachi et al). She will explore the Trans-Danubian region\n(especially villages of the district of Kapuv\u00e1r, e.g. H\u00f6vej and \u00d6nt\u00e9smajor), which has hitherto\nonly rarely been studied by historians of socialist agriculture. Her work will focus in particular\non the morality of different types of work, including passivity and subversion in the collective\nfarms and privatized gardening, and she will consider which types of activities were accepted\nor rejected.<\/p>\n<p><span style=\"font-weight: 400;\">The primary sources for her research include the local documents of the agricultural\ncooperatives, archival documents of the County of Gy\u0151r-Moson-Sopron and the District of\nKapuv\u00e1r, e.g. documents of the Department of Agriculture and reports of Convocation, as well\nas the local press and oral history sources.<\/span><\/p>\n<p class=\" translation-block\"><b>Keywords:<\/b> agricultural work, collective farm, second economy, privatized gardening, Transdanubia<\/p>","protected":false},"excerpt":{"rendered":"<p>Lengyel Eszter az E\u00f6tv\u00f6s Lor\u00e1nd [&hellip;]<\/p>","protected":false},"author":4,"featured_media":0,"parent":33,"menu_order":0,"comment_status":"closed","ping_status":"closed","template":"","meta":{"footnotes":""},"class_list":["post-211","page","type-page","status-publish","hentry"],"_links":{"self":[{"href":"https:\/\/workhistory.eu\/en\/wp-json\/wp\/v2\/pages\/211","targetHints":{"allow":["GET"]}}],"collection":[{"href":"https:\/\/workhistory.eu\/en\/wp-json\/wp\/v2\/pages"}],"about":[{"href":"https:\/\/workhistory.eu\/en\/wp-json\/wp\/v2\/types\/page"}],"author":[{"embeddable":true,"href":"https:\/\/workhistory.eu\/en\/wp-json\/wp\/v2\/users\/4"}],"replies":[{"embeddable":true,"href":"https:\/\/workhistory.eu\/en\/wp-json\/wp\/v2\/comments?post=211"}],"version-history":[{"count":3,"href":"https:\/\/workhistory.eu\/en\/wp-json\/wp\/v2\/pages\/211\/revisions"}],"predecessor-version":[{"id":341,"href":"https:\/\/workhistory.eu\/en\/wp-json\/wp\/v2\/pages\/211\/revisions\/341"}],"up":[{"embeddable":true,"href":"https:\/\/workhistory.eu\/en\/wp-json\/wp\/v2\/pages\/33"}],"wp:attachment":[{"href":"https:\/\/workhistory.eu\/en\/wp-json\/wp\/v2\/media?parent=211"}],"curies":[{"name":"wp","href":"https:\/\/api.w.org\/{rel}","templated":true}]}}