{"id":214,"date":"2022-11-21T22:40:21","date_gmt":"2022-11-21T20:40:21","guid":{"rendered":"https:\/\/workhistory.eu\/?page_id=214"},"modified":"2024-10-18T14:57:21","modified_gmt":"2024-10-18T12:57:21","slug":"kovacsne-magyari-hajnalka","status":"publish","type":"page","link":"https:\/\/workhistory.eu\/en\/kutatok\/kovacsne-magyari-hajnalka\/","title":{"rendered":"Kov\u00e1csn\u00e9 Magyari Hajnalka"},"content":{"rendered":"<p><img loading=\"lazy\" decoding=\"async\" class=\"size-medium wp-image-215 alignleft\" src=\"https:\/\/workhistory.eu\/wp-content\/uploads\/2022\/11\/Hajni-5-225x300.jpg\" alt=\"\" width=\"225\" height=\"300\" srcset=\"https:\/\/workhistory.eu\/wp-content\/uploads\/2022\/11\/Hajni-5-225x300.jpg 225w, https:\/\/workhistory.eu\/wp-content\/uploads\/2022\/11\/Hajni-5-767x1024.jpg 767w, https:\/\/workhistory.eu\/wp-content\/uploads\/2022\/11\/Hajni-5-768x1025.jpg 768w, https:\/\/workhistory.eu\/wp-content\/uploads\/2022\/11\/Hajni-5-1151x1536.jpg 1151w, https:\/\/workhistory.eu\/wp-content\/uploads\/2022\/11\/Hajni-5-9x12.jpg 9w, https:\/\/workhistory.eu\/wp-content\/uploads\/2022\/11\/Hajni-5-1140x1521.jpg 1140w, https:\/\/workhistory.eu\/wp-content\/uploads\/2022\/11\/Hajni-5-920x1228.jpg 920w, https:\/\/workhistory.eu\/wp-content\/uploads\/2022\/11\/Hajni-5-575x767.jpg 575w, https:\/\/workhistory.eu\/wp-content\/uploads\/2022\/11\/Hajni-5-380x507.jpg 380w, https:\/\/workhistory.eu\/wp-content\/uploads\/2022\/11\/Hajni-5.jpg 1510w\" sizes=\"auto, (max-width: 225px) 100vw, 225px\" \/><\/p>\n<p><strong>Kov\u00e1csn\u00e9 Magyari Hajnalka<\/strong> <span style=\"font-weight: 400;\">vagyok, andrag\u00f3gus \u00e9s t\u00e1rsadalomkutat\u00f3. Fels\u0151fok\u00fa tanulm\u00e1nyaimat andrag\u00f3gi\u00e1n kezdtem (ZSKE), nevel\u00e9studom\u00e1nyon folytattam (ELTE PPK), v\u00e9g\u00fcl t\u00f6rt\u00e9nelem szakon doktor\u00e1ltam (EKE). <\/span><i><span style=\"font-weight: 400;\">Trendi n\u0151 a szocializmusban <\/span><\/i><span style=\"font-weight: 400;\">c\u00edm\u0171 disszert\u00e1ci\u00f3mat 2021-ben v\u00e9dtem meg summa cum laude min\u0151s\u00edt\u00e9ssel. Disszert\u00e1ci\u00f3mban az \u00e1llamszocializmusbeli n\u0151k\u00e9pek \u00e9s n\u0151ide\u00e1l v\u00e1ltoz\u00e1sok folyamat\u00e1t dolgoztam fel, tov\u00e1bb\u00e1 a korabeli divatos n\u0151 sz\u00e9ps\u00e9g\u00e1pol\u00e1si lehet\u0151s\u00e9geit \u00e9s tendenci\u00e1it elemeztem a korszak politikai, gazdas\u00e1gi \u00e9s mentalit\u00e1sbeli v\u00e1ltoz\u00e1sok kontextus\u00e1ban. Publik\u00e1ci\u00f3im ter\u00e9n is az \u00e1llamszocializmusbeli n\u0151k\u00e9pek \u00e9s n\u0151i szerepek folyamatos v\u00e1ltoz\u00e1saival, tov\u00e1bb\u00e1 a mindennapok t\u00f6rt\u00e9net\u00e9vel foglalkozom.<\/span><\/p>\n<p><span style=\"font-weight: 400;\">Az <\/span><span style=\"font-weight: 400;\">MTA\u2013BTK Lend\u00fclet Munkaform\u00e1k Kutat\u00f3csoport tagjak\u00e9nt a <\/span><span style=\"font-weight: 400;\">kozmetikus ipar mag\u00e1n, \u00e1llami \u00e9s sz\u00f6vetkezeti szf\u00e9r\u00e1ban dolgoz\u00f3 kozmetikusainak helyzet\u00e9t, lehet\u0151s\u00e9geit, t\u00e1rsadalmi meg\u00edt\u00e9l\u00e9s\u00e9t vizsg\u00e1lom a szocializmus id\u0151szak\u00e1ban, \u00e9rint\u0151legesen kit\u00e9rve a szakma hivatalos kialakul\u00e1s\u00e1ra. Kutat\u00e1somban a kozmetikusok t\u00e1rsadalmi st\u00e1tusz\u00e1val p\u00e1rhuzamosan megvizsg\u00e1lom a szakma preszt\u00edzs\u00e9nek folyamatos v\u00e1ltoz\u00e1s\u00e1t, tov\u00e1bb\u00e1 azt, hogy az ipartest\u00fcletnek illetve egy\u00e9b \u00e9rdekv\u00e9delmi szerveknek milyen szerep\u00fck volt (ha volt) ezek alakul\u00e1s\u00e1ban. Milyen leg\u00e1lis \u00e9s illeg\u00e1lis mozg\u00e1sterei voltak az \u00e1llamszocializmus idej\u00e9n a k\u00fcl\u00f6nb\u00f6z\u0151 gazdas\u00e1gi szektorokban dolgoz\u00f3 kozmetikusoknak, \u00e9s mennyiben volt ez magyar specifikum? Milyen szf\u00e9r\u00e1b\u00f3l j\u00f6ttek a nyolcvanas \u00e9vek mag\u00e1nkozmetikusai, \u00e9s besz\u00e9lhet\u00fcnk-e eset\u00fckben egyfajta gener\u00e1ci\u00f3s v\u00e1lt\u00e1sr\u00f3l? <\/span><span style=\"font-weight: 400;\">Kutat\u00e1som sor\u00e1n a szakirodalmon t\u00fal \u00edrott, k\u00e9pi \u00e9s narrat\u00edv forr\u00e1sokat dolgozok fel (lev\u00e9lt\u00e1ri anyagok, sajt\u00f3, kozmetikai napl\u00f3k, kozmetikai dokumentumok, fotogr\u00e1fi\u00e1k, f\u00e9lig struktur\u00e1lt \u00e9s f\u00f3kuszcsoportos interj\u00fak, stb.).<\/span><\/p>\n<p class=\" translation-block\"><strong>Keywords:<\/strong> beauticians, prestige, trade-corporation, spaces of work, ownerships of work (sectors)<\/p>","protected":false},"excerpt":{"rendered":"<p>Kov\u00e1csn\u00e9 Magyari Hajnalka vagyok, andrag\u00f3gus [&hellip;]<\/p>","protected":false},"author":4,"featured_media":0,"parent":33,"menu_order":0,"comment_status":"closed","ping_status":"closed","template":"","meta":{"footnotes":""},"class_list":["post-214","page","type-page","status-publish","hentry"],"_links":{"self":[{"href":"https:\/\/workhistory.eu\/en\/wp-json\/wp\/v2\/pages\/214","targetHints":{"allow":["GET"]}}],"collection":[{"href":"https:\/\/workhistory.eu\/en\/wp-json\/wp\/v2\/pages"}],"about":[{"href":"https:\/\/workhistory.eu\/en\/wp-json\/wp\/v2\/types\/page"}],"author":[{"embeddable":true,"href":"https:\/\/workhistory.eu\/en\/wp-json\/wp\/v2\/users\/4"}],"replies":[{"embeddable":true,"href":"https:\/\/workhistory.eu\/en\/wp-json\/wp\/v2\/comments?post=214"}],"version-history":[{"count":3,"href":"https:\/\/workhistory.eu\/en\/wp-json\/wp\/v2\/pages\/214\/revisions"}],"predecessor-version":[{"id":394,"href":"https:\/\/workhistory.eu\/en\/wp-json\/wp\/v2\/pages\/214\/revisions\/394"}],"up":[{"embeddable":true,"href":"https:\/\/workhistory.eu\/en\/wp-json\/wp\/v2\/pages\/33"}],"wp:attachment":[{"href":"https:\/\/workhistory.eu\/en\/wp-json\/wp\/v2\/media?parent=214"}],"curies":[{"name":"wp","href":"https:\/\/api.w.org\/{rel}","templated":true}]}}