{"id":217,"date":"2022-11-21T22:48:05","date_gmt":"2022-11-21T20:48:05","guid":{"rendered":"https:\/\/workhistory.eu\/?page_id=217"},"modified":"2024-10-18T14:57:21","modified_gmt":"2024-10-18T12:57:21","slug":"nagy-eszter","status":"publish","type":"page","link":"https:\/\/workhistory.eu\/en\/kutatok\/nagy-eszter\/","title":{"rendered":"Nagy Eszter"},"content":{"rendered":"<p><span style=\"font-weight: 400;\"><img loading=\"lazy\" decoding=\"async\" class=\"size-medium wp-image-218 alignleft\" src=\"https:\/\/workhistory.eu\/wp-content\/uploads\/2022\/11\/fek.feh_-233x300.jpg\" alt=\"\" width=\"233\" height=\"300\" srcset=\"https:\/\/workhistory.eu\/wp-content\/uploads\/2022\/11\/fek.feh_-233x300.jpg 233w, https:\/\/workhistory.eu\/wp-content\/uploads\/2022\/11\/fek.feh_-9x12.jpg 9w, https:\/\/workhistory.eu\/wp-content\/uploads\/2022\/11\/fek.feh_-380x489.jpg 380w, https:\/\/workhistory.eu\/wp-content\/uploads\/2022\/11\/fek.feh_.jpg 413w\" sizes=\"auto, (max-width: 233px) 100vw, 233px\" \/><\/span><\/p>\n<p><strong>Nagy Eszter<\/strong>, t\u00f6rt\u00e9n\u00e9sz, az ELTE BTK Modernkori Magyarorsz\u00e1g doktori programj\u00e1nak hallgat\u00f3ja, a Moholy-Nagy M\u0171v\u00e9szeti Egyetem k\u00f6nyvt\u00e1rosa.<\/p>\n<p>Kutat\u00e1si t\u00e9m\u00e1ja az ipari formatervez\u00e9s t\u00f6rt\u00e9nete. A t\u00e1rgy- \u00e9s k\u00f6rnyezetkult\u00fara moderniz\u00e1ci\u00f3j\u00e1ra, valamint a modern \u00e9letm\u00f3d kialak\u00edt\u00e1s\u00e1ra is lehet\u0151s\u00e9get ny\u00fajt\u00f3 szakma kialakul\u00e1s\u00e1t, int\u00e9zm\u00e9nyes\u00fcl\u00e9s\u00e9t, \u00e9rv\u00e9nyes\u00fcl\u00e9si lehet\u0151s\u00e9geit vizsg\u00e1lja a szocialista Magyarorsz\u00e1gon az \u00e1llam\u2013v\u00e1llalat\u2013formatervez\u0151\u2013fogyaszt\u00f3 viszonyrendszer\u00e9n kereszt\u00fcl. Ugyanakkor a kutat\u00e1s kiterjed a<br \/>\nmagyar ipari formatervez\u00e9s szocialista design\u00e9letben bet\u00f6lt\u00f6tt szerep\u00e9re, a magyar fejl\u0151d\u00e9s saj\u00e1toss\u00e1gaira, a szakma nemzetk\u00f6zi kapcsolataira \u00e9s annak hazai formatervez\u00e9sre gyakorolt hat\u00e1s\u00e1ra. A gazdas\u00e1gi \u00e9s m\u0171v\u00e9szeti mez\u0151 metsz\u00e9spontj\u00e1ban l\u00e9trej\u00f6v\u0151 ipari formatervez\u00e9s t\u00f6rt\u00e9net\u00e9t m\u0171v\u00e9szett\u00f6rt\u00e9neti, k\u00f6zgazdas\u00e1gi, szociol\u00f3giai \u00e9s politikat\u00f6rt\u00e9neti n\u00e9z\u0151pontb\u00f3l vizsg\u00e1lja.<\/p>\n<p class=\" translation-block\"><strong>Keywords:<\/strong> Hungarian industrial design, professionalisation, socialist design, modernisation<\/p>","protected":false},"excerpt":{"rendered":"<p>Nagy Eszter, t\u00f6rt\u00e9n\u00e9sz, az ELTE [&hellip;]<\/p>","protected":false},"author":4,"featured_media":0,"parent":33,"menu_order":0,"comment_status":"closed","ping_status":"closed","template":"","meta":{"footnotes":""},"class_list":["post-217","page","type-page","status-publish","hentry"],"_links":{"self":[{"href":"https:\/\/workhistory.eu\/en\/wp-json\/wp\/v2\/pages\/217","targetHints":{"allow":["GET"]}}],"collection":[{"href":"https:\/\/workhistory.eu\/en\/wp-json\/wp\/v2\/pages"}],"about":[{"href":"https:\/\/workhistory.eu\/en\/wp-json\/wp\/v2\/types\/page"}],"author":[{"embeddable":true,"href":"https:\/\/workhistory.eu\/en\/wp-json\/wp\/v2\/users\/4"}],"replies":[{"embeddable":true,"href":"https:\/\/workhistory.eu\/en\/wp-json\/wp\/v2\/comments?post=217"}],"version-history":[{"count":5,"href":"https:\/\/workhistory.eu\/en\/wp-json\/wp\/v2\/pages\/217\/revisions"}],"predecessor-version":[{"id":420,"href":"https:\/\/workhistory.eu\/en\/wp-json\/wp\/v2\/pages\/217\/revisions\/420"}],"up":[{"embeddable":true,"href":"https:\/\/workhistory.eu\/en\/wp-json\/wp\/v2\/pages\/33"}],"wp:attachment":[{"href":"https:\/\/workhistory.eu\/en\/wp-json\/wp\/v2\/media?parent=217"}],"curies":[{"name":"wp","href":"https:\/\/api.w.org\/{rel}","templated":true}]}}