{"id":220,"date":"2022-11-21T22:55:16","date_gmt":"2022-11-21T20:55:16","guid":{"rendered":"https:\/\/workhistory.eu\/?page_id=220"},"modified":"2024-10-18T14:57:21","modified_gmt":"2024-10-18T12:57:21","slug":"slachta-krisztina","status":"publish","type":"page","link":"https:\/\/workhistory.eu\/en\/kutatok\/slachta-krisztina\/","title":{"rendered":"Slachta Krisztina"},"content":{"rendered":"<p><span style=\"font-weight: 400;\"><img loading=\"lazy\" decoding=\"async\" class=\"size-medium wp-image-221 alignleft\" src=\"https:\/\/workhistory.eu\/wp-content\/uploads\/2022\/11\/Slachta-Krisztina-DSC_1956szines-296x300.jpg\" alt=\"\" width=\"296\" height=\"300\" srcset=\"https:\/\/workhistory.eu\/wp-content\/uploads\/2022\/11\/Slachta-Krisztina-DSC_1956szines-296x300.jpg 296w, https:\/\/workhistory.eu\/wp-content\/uploads\/2022\/11\/Slachta-Krisztina-DSC_1956szines-1012x1024.jpg 1012w, https:\/\/workhistory.eu\/wp-content\/uploads\/2022\/11\/Slachta-Krisztina-DSC_1956szines-768x777.jpg 768w, https:\/\/workhistory.eu\/wp-content\/uploads\/2022\/11\/Slachta-Krisztina-DSC_1956szines-1517x1536.jpg 1517w, https:\/\/workhistory.eu\/wp-content\/uploads\/2022\/11\/Slachta-Krisztina-DSC_1956szines-2023x2048.jpg 2023w, https:\/\/workhistory.eu\/wp-content\/uploads\/2022\/11\/Slachta-Krisztina-DSC_1956szines-12x12.jpg 12w, https:\/\/workhistory.eu\/wp-content\/uploads\/2022\/11\/Slachta-Krisztina-DSC_1956szines-1140x1154.jpg 1140w, https:\/\/workhistory.eu\/wp-content\/uploads\/2022\/11\/Slachta-Krisztina-DSC_1956szines-920x931.jpg 920w, https:\/\/workhistory.eu\/wp-content\/uploads\/2022\/11\/Slachta-Krisztina-DSC_1956szines-575x582.jpg 575w, https:\/\/workhistory.eu\/wp-content\/uploads\/2022\/11\/Slachta-Krisztina-DSC_1956szines-380x385.jpg 380w\" sizes=\"auto, (max-width: 296px) 100vw, 296px\" \/><\/span><\/p>\n<p><span style=\"font-weight: 400;\"><strong>Slachta Krisztina<\/strong> (ELKH KRTK RKI, E\u00f6tv\u00f6s Lor\u00e1nd Kutat\u00e1si H\u00e1l\u00f3zat, K\u00f6zgazdas\u00e1g- \u00e9s Region\u00e1lis Tudom\u00e1nyi Kutat\u00f3k\u00f6zpont, Region\u00e1lis Kutat\u00e1sok Int\u00e9zete, Budapest &#8211; P\u00e9cs)<\/span><span style=\"font-weight: 400;\">\u00a0egyetemi tanulm\u00e1nyait a P\u00e9csi Tudom\u00e1nyegyetemen (PTE) v\u00e9gezte, szociol\u00f3gus (2006), majd MA t\u00f6rt\u00e9nelem szakos diplom\u00e1t szerzett (2011). 2014-ben doktori fokozatot szerzett, majd 2020-ban habilit\u00e1lt t\u00f6rt\u00e9nelemtudom\u00e1nyb\u00f3l, szint\u00e9n a PTE-n. 2009 \u00f3ta folyamatosan oktat a PTE BTK T\u00f6rt\u00e9nettudom\u00e1nyi Int\u00e9zet Modernkori T\u00f6rt\u00e9neti Tansz\u00e9k\u00e9n, 2014 \u00f3ta \u00f3raad\u00f3k\u00e9nt tan\u00edt. 2014-2017 k\u00f6z\u00f6tt az \u00c1llambiztons\u00e1gi Szolg\u00e1latok T\u00f6rt\u00e9neti Lev\u00e9lt\u00e1r\u00e1nak tudom\u00e1nyos kutat\u00f3ja, 2017-2022-ig az Andr\u00e1ssy Egyetem Budapest tudom\u00e1nyos kutat\u00e1sok\u00e9rt felel\u0151s kiemelt referense, tudom\u00e1nymenedzser. 2022. m\u00e1rciusa \u00f3ta a p\u00e9csi Region\u00e1lis Kutat\u00e1sok Int\u00e9zete tudom\u00e1nyos titk\u00e1ra. Kutat\u00e1si ter\u00fclete a magyar \u00e1llambiztons\u00e1gi szervek \u00e9s egy\u00fcttm\u0171k\u00f6d\u00e9sei t\u00f6rt\u00e9nete, a 20. sz\u00e1zad m\u00e1sodik fel\u00e9nek h\u00e9tk\u00f6znapi \u00e9lete, \u00e9letm\u00f3dt\u00f6rt\u00e9nete, az idegenforgalom, szubkult\u00far\u00e1k, kisebbs\u00e9gek t\u00f6rt\u00e9nete.\u00a0<\/span><span style=\"font-weight: 400;\">K\u00e9t \u00f6n\u00e1ll\u00f3 monogr\u00e1fi\u00e1ja mellett \u00f6sszesen 65 tudom\u00e1nyos k\u00f6zlem\u00e9ny szerz\u0151je.\u00a0<\/span><\/p>\n<p><span style=\"font-weight: 400;\">\u201eA p\u00e9csi tenger, Orf\u0171\u201d munkac\u00edm\u0171 kutat\u00e1som c\u00e9lja az orf\u0171i tavak t\u00f6rt\u00e9nete, a Baranya megyei Orf\u0171 \u00e9s a hozz\u00e1 csatolt falvak, Mecsekr\u00e1kos (1969), Tekeres \u00e9s Mecsekszak\u00e1l (1975), valamint B\u00e1nos (1979), komplex t\u00e1rsadalomt\u00f6rt\u00e9net\u00e9nek feldolgoz\u00e1sa, valamint a tavak meg\u00e9p\u00edt\u00e9se \u00e9s egy munk\u00e1s(?)-\u00fcd\u00fcl\u0151k\u00f6rzet l\u00e9trehoz\u00e1sa sor\u00e1n felmer\u00fclt \u00e9rdekek, ellen\u00e9rdekek, d\u00f6nt\u00e9sek, konfliktusok felt\u00e1r\u00e1sa \u00e1ll. A tavak \u00e9p\u00edt\u00e9s\u00e9ben is sz\u00e1mos p\u00e9csi, baranyai nagyv\u00e1llalat, \u00fczem m\u0171k\u00f6d\u00f6tt k\u00f6zre, illetve dolgoz\u00f3ik \u00fan. \u201et\u00e1rsadalmi munk\u00e1ban\u201d vettek r\u00e9szt az \u00e9p\u00edtkez\u00e9seken. A politikai d\u00f6nt\u00e9sek, a beruh\u00e1z\u00e1sok gazdas\u00e1gi h\u00e1ttere, a v\u00edz\u00fcgyi \u00e9s \u00e9p\u00edt\u00e9szeti tanulm\u00e1nyok, tervek, a kivitelez\u00e9s, a finansz\u00edroz\u00e1s, az \u00e9p\u00edtkez\u00e9sek folyamat\u00e1nak t\u00f6rt\u00e9nete azonban r\u00e9szleteiben nem ismert, nem felt\u00e1rt. M\u00e1r a korszakban sz\u00e1mos kritika \u00e9rte a tavak \u00e9p\u00edt\u00e9s\u00e9t, illetve a tervek el\u0151k\u00e9sz\u00edtetlens\u00e9g\u00e9t, a r\u00e9szletes rendez\u00e9si tervek \u00e9s a sz\u00fcks\u00e9ges infrastrukt\u00fara hi\u00e1ny\u00e1t, az elmaradt kapacit\u00e1sb\u0151v\u00edt\u00e9seket, \u00e1m ezek a k\u00e9rd\u00e9sek is felt\u00e1ratlanok.<\/span><\/p>\n<p class=\" translation-block\"><strong>Keywords:<\/strong> social history, everyday history, tourism, K\u00e1d\u00e1r Era, socialism<\/p>","protected":false},"excerpt":{"rendered":"<p>Slachta Krisztina (ELKH KRTK RKI, [&hellip;]<\/p>","protected":false},"author":4,"featured_media":0,"parent":33,"menu_order":0,"comment_status":"closed","ping_status":"closed","template":"","meta":{"footnotes":""},"class_list":["post-220","page","type-page","status-publish","hentry"],"_links":{"self":[{"href":"https:\/\/workhistory.eu\/en\/wp-json\/wp\/v2\/pages\/220","targetHints":{"allow":["GET"]}}],"collection":[{"href":"https:\/\/workhistory.eu\/en\/wp-json\/wp\/v2\/pages"}],"about":[{"href":"https:\/\/workhistory.eu\/en\/wp-json\/wp\/v2\/types\/page"}],"author":[{"embeddable":true,"href":"https:\/\/workhistory.eu\/en\/wp-json\/wp\/v2\/users\/4"}],"replies":[{"embeddable":true,"href":"https:\/\/workhistory.eu\/en\/wp-json\/wp\/v2\/comments?post=220"}],"version-history":[{"count":5,"href":"https:\/\/workhistory.eu\/en\/wp-json\/wp\/v2\/pages\/220\/revisions"}],"predecessor-version":[{"id":397,"href":"https:\/\/workhistory.eu\/en\/wp-json\/wp\/v2\/pages\/220\/revisions\/397"}],"up":[{"embeddable":true,"href":"https:\/\/workhistory.eu\/en\/wp-json\/wp\/v2\/pages\/33"}],"wp:attachment":[{"href":"https:\/\/workhistory.eu\/en\/wp-json\/wp\/v2\/media?parent=220"}],"curies":[{"name":"wp","href":"https:\/\/api.w.org\/{rel}","templated":true}]}}