{"id":229,"date":"2022-11-21T23:01:58","date_gmt":"2022-11-21T21:01:58","guid":{"rendered":"https:\/\/workhistory.eu\/?page_id=229"},"modified":"2024-10-18T14:57:21","modified_gmt":"2024-10-18T12:57:21","slug":"svegel-fanni","status":"publish","type":"page","link":"https:\/\/workhistory.eu\/en\/kutatok\/svegel-fanni\/","title":{"rendered":"Sv\u00e9gel Fanni"},"content":{"rendered":"<p><img loading=\"lazy\" decoding=\"async\" class=\"size-medium wp-image-272 alignleft\" src=\"https:\/\/workhistory.eu\/wp-content\/uploads\/2022\/11\/1_SF_portre-265x300.jpg\" alt=\"\" width=\"265\" height=\"300\" srcset=\"https:\/\/workhistory.eu\/wp-content\/uploads\/2022\/11\/1_SF_portre-265x300.jpg 265w, https:\/\/workhistory.eu\/wp-content\/uploads\/2022\/11\/1_SF_portre-904x1024.jpg 904w, https:\/\/workhistory.eu\/wp-content\/uploads\/2022\/11\/1_SF_portre-768x870.jpg 768w, https:\/\/workhistory.eu\/wp-content\/uploads\/2022\/11\/1_SF_portre-1356x1536.jpg 1356w, https:\/\/workhistory.eu\/wp-content\/uploads\/2022\/11\/1_SF_portre-1808x2048.jpg 1808w, https:\/\/workhistory.eu\/wp-content\/uploads\/2022\/11\/1_SF_portre-11x12.jpg 11w, https:\/\/workhistory.eu\/wp-content\/uploads\/2022\/11\/1_SF_portre-1140x1291.jpg 1140w, https:\/\/workhistory.eu\/wp-content\/uploads\/2022\/11\/1_SF_portre-920x1042.jpg 920w, https:\/\/workhistory.eu\/wp-content\/uploads\/2022\/11\/1_SF_portre-575x651.jpg 575w, https:\/\/workhistory.eu\/wp-content\/uploads\/2022\/11\/1_SF_portre-380x430.jpg 380w\" sizes=\"auto, (max-width: 265px) 100vw, 265px\" \/><\/p>\n<p><span style=\"font-weight: 400;\"><strong>Sv\u00e9gel Fanni<\/strong> etnogr\u00e1fus, az ELTE T\u00f6rt\u00e9nelemtudom\u00e1nyi Doktori Iskola hallgat\u00f3ja. Mesterszakos diplomamunk\u00e1j\u00e1ban a n\u0151k elleni er\u0151szakkal foglalkozott, k\u00fcl\u00f6n\u00f6s tekintettel az els\u0151 vil\u00e1gh\u00e1bor\u00faban elk\u00f6vetett nemi er\u0151szakra \u00e9s a paraszti t\u00e1rsadalom csal\u00e1don bel\u00fcli er\u0151szak-tapasztalataira. F\u0151 kutat\u00e1si ter\u00fclete a n\u0151i reprodukci\u00f3 20. sz\u00e1zadi t\u00f6rt\u00e9nete, amely mag\u00e1ba foglalja a b\u00e1bas\u00e1g, valamint a terhess\u00e9gmegszak\u00edt\u00e1s t\u00f6rt\u00e9net\u00e9t is.<\/span><\/p>\n<p><span style=\"font-weight: 400;\">A kutat\u00f3csoporton bel\u00fcl a (t\u00e1rsadalmi \u00e9s biol\u00f3giai) reprodukci\u00f3s munka modelljeit \u00e9s elm\u00e9leti megk\u00f6zel\u00edt\u00e9seit vizsg\u00e1lja a szocialista id\u0151szakban. Az \u00e9let \u00fajratermel\u00e9s\u00e9hez kapcsolt fogalmak, mint a h\u00e1zimunka, gondoskod\u00f3 munka, meg nem fizetett munka, l\u00e1thatatlan munka t\u00f6rt\u00e9neti be\u00e1gyazotts\u00e1g\u00e1nak vizsg\u00e1lat\u00e1val \u00f6sszef\u00fcgg\u00e9sben, kutat\u00e1sa az 1960-70-es \u00e9vek \u00e9letm\u00f3dv\u00e1lt\u00e1s\u00e1ra f\u00f3kusz\u00e1l t\u00f6rt\u00e9neti-n\u00e9prajzi forr\u00e1sok alapj\u00e1n.<\/span><\/p>\n<p class=\" translation-block\"><strong>Keywords:<\/strong> reproductive work, invisible labor, unpaid work, carework, motherhood<\/p>","protected":false},"excerpt":{"rendered":"<p>Sv\u00e9gel Fanni etnogr\u00e1fus, az ELTE [&hellip;]<\/p>","protected":false},"author":4,"featured_media":0,"parent":33,"menu_order":0,"comment_status":"closed","ping_status":"closed","template":"","meta":{"footnotes":""},"class_list":["post-229","page","type-page","status-publish","hentry"],"_links":{"self":[{"href":"https:\/\/workhistory.eu\/en\/wp-json\/wp\/v2\/pages\/229","targetHints":{"allow":["GET"]}}],"collection":[{"href":"https:\/\/workhistory.eu\/en\/wp-json\/wp\/v2\/pages"}],"about":[{"href":"https:\/\/workhistory.eu\/en\/wp-json\/wp\/v2\/types\/page"}],"author":[{"embeddable":true,"href":"https:\/\/workhistory.eu\/en\/wp-json\/wp\/v2\/users\/4"}],"replies":[{"embeddable":true,"href":"https:\/\/workhistory.eu\/en\/wp-json\/wp\/v2\/comments?post=229"}],"version-history":[{"count":5,"href":"https:\/\/workhistory.eu\/en\/wp-json\/wp\/v2\/pages\/229\/revisions"}],"predecessor-version":[{"id":275,"href":"https:\/\/workhistory.eu\/en\/wp-json\/wp\/v2\/pages\/229\/revisions\/275"}],"up":[{"embeddable":true,"href":"https:\/\/workhistory.eu\/en\/wp-json\/wp\/v2\/pages\/33"}],"wp:attachment":[{"href":"https:\/\/workhistory.eu\/en\/wp-json\/wp\/v2\/media?parent=229"}],"curies":[{"name":"wp","href":"https:\/\/api.w.org\/{rel}","templated":true}]}}