{"id":231,"date":"2022-11-21T23:03:19","date_gmt":"2022-11-21T21:03:19","guid":{"rendered":"https:\/\/workhistory.eu\/?page_id=231"},"modified":"2024-10-18T14:57:21","modified_gmt":"2024-10-18T12:57:21","slug":"tarnai-eszter","status":"publish","type":"page","link":"https:\/\/workhistory.eu\/en\/kutatok\/tarnai-eszter\/","title":{"rendered":"Tarnai Eszter"},"content":{"rendered":"<p><span style=\"font-weight: 400;\"><img loading=\"lazy\" decoding=\"async\" class=\"size-medium wp-image-232 alignleft\" src=\"https:\/\/workhistory.eu\/wp-content\/uploads\/2022\/11\/Tarnai_Eszter_kep-300x200.jpg\" alt=\"\" width=\"300\" height=\"200\" srcset=\"https:\/\/workhistory.eu\/wp-content\/uploads\/2022\/11\/Tarnai_Eszter_kep-300x200.jpg 300w, https:\/\/workhistory.eu\/wp-content\/uploads\/2022\/11\/Tarnai_Eszter_kep-1024x683.jpg 1024w, https:\/\/workhistory.eu\/wp-content\/uploads\/2022\/11\/Tarnai_Eszter_kep-768x512.jpg 768w, https:\/\/workhistory.eu\/wp-content\/uploads\/2022\/11\/Tarnai_Eszter_kep-1536x1025.jpg 1536w, https:\/\/workhistory.eu\/wp-content\/uploads\/2022\/11\/Tarnai_Eszter_kep-18x12.jpg 18w, https:\/\/workhistory.eu\/wp-content\/uploads\/2022\/11\/Tarnai_Eszter_kep-1140x760.jpg 1140w, https:\/\/workhistory.eu\/wp-content\/uploads\/2022\/11\/Tarnai_Eszter_kep-920x614.jpg 920w, https:\/\/workhistory.eu\/wp-content\/uploads\/2022\/11\/Tarnai_Eszter_kep-575x384.jpg 575w, https:\/\/workhistory.eu\/wp-content\/uploads\/2022\/11\/Tarnai_Eszter_kep-380x253.jpg 380w, https:\/\/workhistory.eu\/wp-content\/uploads\/2022\/11\/Tarnai_Eszter_kep.jpg 2048w\" sizes=\"auto, (max-width: 300px) 100vw, 300px\" \/><\/span><\/p>\n<p><span style=\"font-weight: 400;\"><strong>Tarnai Eszter<\/strong> vagyok, az ELTE BTK Modernkori Magyarorsz\u00e1g Doktori Programj\u00e1nak harmad\u00e9ves hallgat\u00f3ja, disszert\u00e1ci\u00f3mat magyarorsz\u00e1gi k\u00f6zell\u00e1t\u00e1si kr\u00edzishelyzetekr\u0151l \u00edrom a m\u00e1sodik vil\u00e1gh\u00e1bor\u00fat\u00f3l 1957-ig, vagyis a beszolg\u00e1ltat\u00e1si rendszer bevezet\u00e9s\u00e9t\u0151l megsz\u0171n\u00e9s\u00e9ig.\u00a0<\/span><\/p>\n<p><span style=\"font-weight: 400;\">A kutat\u00f3csoportban a 43. sz\u00e1m\u00fa \u00c1llami \u00c9p\u00edt\u0151ipari V\u00e1llalat (1948\u20131992) dolgoz\u00f3it, els\u0151sorban munk\u00e1sait fogom vizsg\u00e1lni, akikre el\u0151sz\u00f6r egy tematikus s\u00e9t\u00e1ra val\u00f3 felk\u00e9sz\u00fcl\u00e9s k\u00f6zben figyeltem fel \u2013 a c\u00e9g sokat form\u00e1lt Budapest v\u00e1rosk\u00e9p\u00e9n, hiszen a f\u0151v\u00e1ros t\u00f6bb nagy lak\u00f3telep\u00e9nek fel\u00e9p\u00edt\u00e9se f\u0171z\u0151dik a nev\u00e9hez. Sz\u00e1mos, v\u00e1ltozatos szociokultur\u00e1lis h\u00e1tt\u00e9rrel rendelkez\u0151 munk\u00e1s fordult meg a c\u00e9gn\u00e9l, legyenek azok szakmunk\u00e1sok, betan\u00edtott munk\u00e1sok vagy seg\u00e9dmunk\u00e1sok. A vizsg\u00e1lat sor\u00e1n a munkahelyi kult\u00far\u00e1t, az \u00e9p\u00edt\u0151iparban is megjelen\u0151 gener\u00e1ci\u00f3v\u00e1lt\u00e1si mint\u00e1kat, a motiv\u00e1ci\u00f3 \u00e9s az \u00f6szt\u00f6nz\u00e9s k\u00e9rd\u00e9s\u00e9t, az \u00e9rdek\u00e9rv\u00e9nyes\u00edt\u00e9s 1956 el\u0151tti \u00e9s ut\u00e1ni lehet\u0151s\u00e9geit, \u00e9s a munkahelyhez k\u00f6t\u0151d\u0151 k\u00f6z\u00f6ss\u00e9gi (pl. \u00fczemi \u00e9tkez\u00e9s) \u00e9s szabadid\u0151s tev\u00e9kenys\u00e9geket (sport, munk\u00e1ssz\u00ednj\u00e1tsz\u00e1s stb.) szeretn\u00e9m vizsg\u00e1lni. Forr\u00e1sb\u00e1zisom lev\u00e9lt\u00e1ri dokumentumokon, illetve interj\u00fakon, sajt\u00f3cikkeken alapul, valamit a v\u00e1llalat, illetve a dolgoz\u00f3k \u00e1ltal k\u00e9sz\u00edtett fot\u00f3kat foglalja mag\u00e1ban.<\/span><\/p>\n<p class=\" translation-block\"><strong>Keywords:<\/strong> construction workers, workplace culture, generational change, lobbying, leisure time<\/p>","protected":false},"excerpt":{"rendered":"<p>Tarnai Eszter vagyok, az ELTE [&hellip;]<\/p>","protected":false},"author":4,"featured_media":0,"parent":33,"menu_order":0,"comment_status":"closed","ping_status":"closed","template":"","meta":{"footnotes":""},"class_list":["post-231","page","type-page","status-publish","hentry"],"_links":{"self":[{"href":"https:\/\/workhistory.eu\/en\/wp-json\/wp\/v2\/pages\/231","targetHints":{"allow":["GET"]}}],"collection":[{"href":"https:\/\/workhistory.eu\/en\/wp-json\/wp\/v2\/pages"}],"about":[{"href":"https:\/\/workhistory.eu\/en\/wp-json\/wp\/v2\/types\/page"}],"author":[{"embeddable":true,"href":"https:\/\/workhistory.eu\/en\/wp-json\/wp\/v2\/users\/4"}],"replies":[{"embeddable":true,"href":"https:\/\/workhistory.eu\/en\/wp-json\/wp\/v2\/comments?post=231"}],"version-history":[{"count":3,"href":"https:\/\/workhistory.eu\/en\/wp-json\/wp\/v2\/pages\/231\/revisions"}],"predecessor-version":[{"id":398,"href":"https:\/\/workhistory.eu\/en\/wp-json\/wp\/v2\/pages\/231\/revisions\/398"}],"up":[{"embeddable":true,"href":"https:\/\/workhistory.eu\/en\/wp-json\/wp\/v2\/pages\/33"}],"wp:attachment":[{"href":"https:\/\/workhistory.eu\/en\/wp-json\/wp\/v2\/media?parent=231"}],"curies":[{"name":"wp","href":"https:\/\/api.w.org\/{rel}","templated":true}]}}