{"id":269,"date":"2022-11-30T00:07:13","date_gmt":"2022-11-29T22:07:13","guid":{"rendered":"https:\/\/workhistory.eu\/?page_id=269"},"modified":"2024-10-18T14:57:21","modified_gmt":"2024-10-18T12:57:21","slug":"lehotay-veronika","status":"publish","type":"page","link":"https:\/\/workhistory.eu\/en\/kutatok\/lehotay-veronika\/","title":{"rendered":"Lehotay Veronika"},"content":{"rendered":"<p><strong><img loading=\"lazy\" decoding=\"async\" class=\"size-full wp-image-270 alignleft\" src=\"https:\/\/workhistory.eu\/wp-content\/uploads\/2022\/11\/LVfotouj.jpg\" alt=\"\" width=\"277\" height=\"289\" srcset=\"https:\/\/workhistory.eu\/wp-content\/uploads\/2022\/11\/LVfotouj.jpg 277w, https:\/\/workhistory.eu\/wp-content\/uploads\/2022\/11\/LVfotouj-12x12.jpg 12w\" sizes=\"auto, (max-width: 277px) 100vw, 277px\" \/>Dr. Lehotay Veronika,<\/strong> jog\u00e1sz, jogt\u00f6rt\u00e9n\u00e9sz, a Miskolci Egyetem \u00c1llam-\u00e9s Jogtudom\u00e1nyi Kara Jogt\u00f6rt\u00e9neti Tansz\u00e9k\u00e9n dolgozik docensk\u00e9nt. PhD fokozat\u00e1t Dr. Stipta Istv\u00e1n egyetemi tan\u00e1r t\u00e9mavezet\u00e9s\u00e9vel 2013-ban v\u00e9dte meg. <em>A jogsz\u0171k\u00edt\u00e9s \u00fatj\u00e1n. <\/em><em>A Horthy-korszak szabads\u00e1gjog-megvon\u00f3 int\u00e9zked\u00e9seinek jogt\u00f6rt\u00e9neti aspektusai k\u00fcl\u00f6n\u00f6s tekintettel Borsod v\u00e1rmegy\u00e9re<\/em> c\u00edmmel 2019-ben jelent meg a Borsod-Aba\u00faj-Zempl\u00e9n Megyei Lev\u00e9lt\u00e1r seg\u00edts\u00e9g\u00e9vel az eddigi kutat\u00e1si eredm\u00e9nyeit tartalmaz\u00f3 monogr\u00e1fi\u00e1ja. Ezt k\u00f6vet\u0151en kutat\u00e1sa a k\u00e9t vil\u00e1gh\u00e1bor\u00fa k\u00f6z\u00f6tti b\u00fcntet\u0151jog specifikumai \u00e9s a Miskolci \u00dcgyv\u00e9di Kamara t\u00f6rt\u00e9nete fel\u00e9 fordult. 2017-t\u0151l a P\u00e9csi Tudom\u00e1nyegyetemen m\u0171k\u00f6d\u0151 M\u00e1rkus Dezs\u0151 \u00d6sszehasonl\u00edt\u00f3 Jogt\u00f6rt\u00e9neti Kutat\u00f3csoport tagja. R\u00e9szt vesz a 2018-ban indult Humboldt<em>&#8211;<\/em>p\u00e1ly\u00e1zatban, amelynek t\u00e9m\u00e1ja <em>A jogfoszt\u00e1s elm\u00e9lete \u00e9s gyakorlata a Horthy-korszak m\u00e1sodik fel\u00e9ben \u00e9s az NS-rendszerben<\/em>. Egyetemi munk\u00e1ja mellett 2011-t\u0151l mentork\u00e9nt vesz r\u00e9szt a Miskolci G\u00f6r\u00f6gkatolikus Cig\u00e1nykoll\u00e9gium munk\u00e1j\u00e1ban.<\/p>\n<p>A kutat\u00f3csoport tagjak\u00e9nt <em>az \u00e1llam \u00e9s az \u00fcgyv\u00e9ds\u00e9g<\/em> viszony\u00e1val, problematik\u00e1j\u00e1val foglalkozik a K\u00e1d\u00e1r-korszakban. A magyarorsz\u00e1gi \u00fcgyv\u00e9ds\u00e9gen bel\u00fcl a Miskolci \u00dcgyv\u00e9di Kamara m\u0171k\u00f6d\u00e9s\u00e9t kutatja. Kutat\u00e1s\u00e1nak k\u00e9rd\u00e9sei, hogy milyen szab\u00e1lyok vonatkoztak az \u00fcgyv\u00e9ds\u00e9gre 1956 ut\u00e1n? Ki lehetett \u00fcgyv\u00e9d a korszakban? Hogyan v\u00e1ltoztak meg az \u00fcgyv\u00e9di szerepek a K\u00e1d\u00e1r-korszakban? Milyen szerepe volt a munkak\u00f6z\u00f6ss\u00e9geknek? Hogyan v\u00e1ltozott a Miskolci \u00dcgyv\u00e9di Kamara helyzete az 1960-as \u00e9s 70-es \u00e9vekben? Hogyan korl\u00e1tozta a diktat\u00fara az \u00fcgyv\u00e9ds\u00e9get, illetve milyen m\u00e9rt\u00e9kben jelentett korl\u00e1tot\/jelentett-e korl\u00e1tot az \u00fcgyv\u00e9ds\u00e9g a diktat\u00fara sz\u00e1m\u00e1ra?<\/p>\n<p class=\" translation-block\"><strong>Keywords:<\/strong> advocateship, legal history, workplace, dictatorship, advocacy<\/p>","protected":false},"excerpt":{"rendered":"<p>Dr. Lehotay Veronika, jog\u00e1sz, jogt\u00f6rt\u00e9n\u00e9sz, [&hellip;]<\/p>","protected":false},"author":4,"featured_media":0,"parent":33,"menu_order":0,"comment_status":"closed","ping_status":"closed","template":"","meta":{"footnotes":""},"class_list":["post-269","page","type-page","status-publish","hentry"],"_links":{"self":[{"href":"https:\/\/workhistory.eu\/en\/wp-json\/wp\/v2\/pages\/269","targetHints":{"allow":["GET"]}}],"collection":[{"href":"https:\/\/workhistory.eu\/en\/wp-json\/wp\/v2\/pages"}],"about":[{"href":"https:\/\/workhistory.eu\/en\/wp-json\/wp\/v2\/types\/page"}],"author":[{"embeddable":true,"href":"https:\/\/workhistory.eu\/en\/wp-json\/wp\/v2\/users\/4"}],"replies":[{"embeddable":true,"href":"https:\/\/workhistory.eu\/en\/wp-json\/wp\/v2\/comments?post=269"}],"version-history":[{"count":2,"href":"https:\/\/workhistory.eu\/en\/wp-json\/wp\/v2\/pages\/269\/revisions"}],"predecessor-version":[{"id":395,"href":"https:\/\/workhistory.eu\/en\/wp-json\/wp\/v2\/pages\/269\/revisions\/395"}],"up":[{"embeddable":true,"href":"https:\/\/workhistory.eu\/en\/wp-json\/wp\/v2\/pages\/33"}],"wp:attachment":[{"href":"https:\/\/workhistory.eu\/en\/wp-json\/wp\/v2\/media?parent=269"}],"curies":[{"name":"wp","href":"https:\/\/api.w.org\/{rel}","templated":true}]}}