{"id":307,"date":"2022-12-01T18:41:07","date_gmt":"2022-12-01T16:41:07","guid":{"rendered":"https:\/\/workhistory.eu\/?page_id=307"},"modified":"2024-10-18T14:57:21","modified_gmt":"2024-10-18T12:57:21","slug":"nagy-peter","status":"publish","type":"page","link":"https:\/\/workhistory.eu\/en\/kutatok\/nagy-peter\/","title":{"rendered":"Nagy P\u00e9ter"},"content":{"rendered":"<p class=\" translation-block\"><b>Nagy, P\u00e9ter<\/b> (postdoc researcher) will focus on the long term historical traditions of\nworkers\u2019 behavior at the workplace in urban areas. His research will center on industrial\nworkers, particularly in the steel and machine factories of Northern Hungary (Rimamur\u00e1nySalg\u00f3tarj\u00e1ni Vasm\u0171 Rt) and the mining corporations and important industrial plants in Budapest\n(e. g. Ganz, L\u00e1ng). Nagy will explore the social history of workers\u2019 relationships with foremen,\nmanagers, and the company from the early nineteenth century up to the beginnings of\nnationalizations after the Second World War and 1956.<\/p>\n<p class=\" translation-block\">Kutat\u00e1si ter\u00fclete az ipar \u00e9s az ipari t\u00e1rsadalom, azon bel\u00fcl a munk\u00e1ss\u00e1g t\u00e1rsadalma a 19.<br>\r\nsz\u00e1zadt\u00f3l az 1950-es \u00e9vekig. A WORK Kutat\u00f3csoportban a munk\u00e1ss\u00e1g \u00e9rdek\u00e9rv\u00e9nyes\u00edt\u00e9si<br>\r\neszk\u00f6zeivel, ezen bel\u00fcl k\u00fcl\u00f6n\u00f6sen a munk\u00e1stan\u00e1csokkal, a munk\u00e1s munk\u00e1hoz, munkahelyhez<br>\r\nval\u00f3 viszonyaival foglalkozik a 20. sz\u00e1zad elej\u00e9t\u0151l az 1950-es \u00e9vek v\u00e9g\u00e9ig.<\/p>\n<p class=\" translation-block\"><b>Keywords:<\/b> workers, industrial society, factory, workers' council<\/p>","protected":false},"excerpt":{"rendered":"<p>Nagy P\u00e9ter t\u00f6rt\u00e9n\u00e9sz, t\u00f6rt\u00e9nelem-lev\u00e9lt\u00e1r alapszakos [&hellip;]<\/p>","protected":false},"author":4,"featured_media":0,"parent":33,"menu_order":0,"comment_status":"closed","ping_status":"closed","template":"","meta":{"footnotes":""},"class_list":["post-307","page","type-page","status-publish","hentry"],"_links":{"self":[{"href":"https:\/\/workhistory.eu\/en\/wp-json\/wp\/v2\/pages\/307","targetHints":{"allow":["GET"]}}],"collection":[{"href":"https:\/\/workhistory.eu\/en\/wp-json\/wp\/v2\/pages"}],"about":[{"href":"https:\/\/workhistory.eu\/en\/wp-json\/wp\/v2\/types\/page"}],"author":[{"embeddable":true,"href":"https:\/\/workhistory.eu\/en\/wp-json\/wp\/v2\/users\/4"}],"replies":[{"embeddable":true,"href":"https:\/\/workhistory.eu\/en\/wp-json\/wp\/v2\/comments?post=307"}],"version-history":[{"count":4,"href":"https:\/\/workhistory.eu\/en\/wp-json\/wp\/v2\/pages\/307\/revisions"}],"predecessor-version":[{"id":379,"href":"https:\/\/workhistory.eu\/en\/wp-json\/wp\/v2\/pages\/307\/revisions\/379"}],"up":[{"embeddable":true,"href":"https:\/\/workhistory.eu\/en\/wp-json\/wp\/v2\/pages\/33"}],"wp:attachment":[{"href":"https:\/\/workhistory.eu\/en\/wp-json\/wp\/v2\/media?parent=307"}],"curies":[{"name":"wp","href":"https:\/\/api.w.org\/{rel}","templated":true}]}}