{"id":31,"date":"2022-10-24T15:29:06","date_gmt":"2022-10-24T13:29:06","guid":{"rendered":"https:\/\/workhistory.eu\/?page_id=31"},"modified":"2025-10-02T11:45:07","modified_gmt":"2025-10-02T09:45:07","slug":"publikaciok","status":"publish","type":"page","link":"https:\/\/workhistory.eu\/en\/publikaciok\/","title":{"rendered":"Publications"},"content":{"rendered":"<h2 class=\"wp-block-heading has-text-align-center\"><a href=\"https:\/\/workhistory.eu\/en\/2024\/10\/03\/publikaciok\/\">Monogr\u00e1fi\u00e1k<\/a><\/h2>\n\n\n\n<h2 class=\"wp-block-heading has-text-align-center\"><a href=\"https:\/\/workhistory.eu\/en\/2024\/10\/14\/tanulmanyok\/\">Tanulm\u00e1nyok<\/a><\/h2>\n\n\n\n<p class=\"has-text-align-center\">Az eddigi kutat\u00e1si munka eredm\u00e9nyek\u00e9nt 8 monogr\u00e1fia k\u00e9sz\u00fclt el (ebb\u0151l 7 megjelent, 1 megjelen\u00e9s<br>alatt \u00e1ll), valamint t\u00f6bb k\u00e9sz\u00fcl\u0151 monogr\u00e1fia sz\u00e1mos fejezete is elk\u00e9sz\u00fclt, melyek egy r\u00e9sze<br>tanulm\u00e1nyk\u00e9nt megjelent (pl. Alab\u00e1n P\u00e9ter, Horv\u00e1th S\u00e1ndor, Nagy P\u00e9ter, Kappanyos Ilona,<br>Kov\u00e1csn\u00e9 Magyari Hajnalka, F\u0151cze J\u00e1nos, Bak\u00f3 Bogl\u00e1rka, Kelemen Katalin, Kimmel M\u00e1t\u00e9, Somlai<br>Katalin \u2013 r\u00e9szletesen l\u00e1sd a Tanulm\u00e1nyok alatt). Emellett 64 tanulm\u00e1ny jelent meg vagy van<br>megjelen\u00e9s alatt, k\u00f6z\u00fcl\u00fck 17 idegen nyelven, rangos nemzetk\u00f6zi kiad\u00f3kn\u00e1l (pl. Cambridge<br>University Press, Cornell University Press) \u00e9s hazai vagy nemzetk\u00f6zi foly\u00f3iratokban. A<br>kutat\u00f3csoport tematikus blokkal szerepelt a M\u00faltunk 2024\/1. sz\u00e1m\u00e1ban (\u201e1945 a<br>munkahelyeken\u201d), valamint h\u00e1rom tanulm\u00e1nnyal a M\u00faltunk 2024\/4. sz\u00e1m\u00e1ban is. A kutat\u00f3csoport<br>t\u00e1mogat\u00e1s\u00e1val k\u00e9sz\u00fcl\u0151 7 doktori disszert\u00e1ci\u00f3 k\u00f6z\u00fcl egyet (Grexa Izabella) m\u00e1r sikeresen<br>megv\u00e9dtek, h\u00e1rmat (Kappanyos Ilona, L\u00e1szl\u00f3fi Viola, Sv\u00e9gel Fanni) sikeres munkahelyi vita ut\u00e1n<br>beny\u00fajtottak, m\u00edg h\u00e1rom tov\u00e1bbi (Lengyel Eszter, Kimmel M\u00e1t\u00e9, Nagy Eszter) v\u00e1rhat\u00f3an 2026-ig<br>bead\u00e1sra ker\u00fcl.<\/p>","protected":false},"excerpt":{"rendered":"<p>Monogr\u00e1fi\u00e1k Tanulm\u00e1nyok Az eddigi kutat\u00e1si [&hellip;]<\/p>","protected":false},"author":4,"featured_media":0,"parent":0,"menu_order":1,"comment_status":"closed","ping_status":"closed","template":"","meta":{"footnotes":""},"class_list":["post-31","page","type-page","status-publish","hentry"],"_links":{"self":[{"href":"https:\/\/workhistory.eu\/en\/wp-json\/wp\/v2\/pages\/31","targetHints":{"allow":["GET"]}}],"collection":[{"href":"https:\/\/workhistory.eu\/en\/wp-json\/wp\/v2\/pages"}],"about":[{"href":"https:\/\/workhistory.eu\/en\/wp-json\/wp\/v2\/types\/page"}],"author":[{"embeddable":true,"href":"https:\/\/workhistory.eu\/en\/wp-json\/wp\/v2\/users\/4"}],"replies":[{"embeddable":true,"href":"https:\/\/workhistory.eu\/en\/wp-json\/wp\/v2\/comments?post=31"}],"version-history":[{"count":15,"href":"https:\/\/workhistory.eu\/en\/wp-json\/wp\/v2\/pages\/31\/revisions"}],"predecessor-version":[{"id":592,"href":"https:\/\/workhistory.eu\/en\/wp-json\/wp\/v2\/pages\/31\/revisions\/592"}],"wp:attachment":[{"href":"https:\/\/workhistory.eu\/en\/wp-json\/wp\/v2\/media?parent=31"}],"curies":[{"name":"wp","href":"https:\/\/api.w.org\/{rel}","templated":true}]}}