{"id":323,"date":"2022-12-01T19:14:45","date_gmt":"2022-12-01T17:14:45","guid":{"rendered":"https:\/\/workhistory.eu\/?page_id=323"},"modified":"2025-09-18T15:42:13","modified_gmt":"2025-09-18T13:42:13","slug":"oral-history-es-interjutechnikak-workshop","status":"publish","type":"page","link":"https:\/\/workhistory.eu\/en\/kepzes\/oral-history-es-interjutechnikak-workshop\/","title":{"rendered":"Oral history workshop"},"content":{"rendered":"<h3>Olvasm\u00e1nyok:<\/h3>\n<ul>\n<li><span style=\"font-weight: 400;\">Paul Thompson: The interview In Paul Thompson: <\/span><i><span style=\"font-weight: 400;\">The Voice of the Past<\/span><\/i><span style=\"font-weight: 400;\">, New York, Oxford University Press, 2000, 222-246.<\/span><\/li>\n<li><span style=\"font-weight: 400;\">Donal A. Ritchie: Memory and Oral History In D. A. Ritchie: <\/span><i><span style=\"font-weight: 400;\">Doing Oral History<\/span><\/i><span style=\"font-weight: 400;\">, New York, Oxford University Press, 2015, 14-21.<\/span><\/li>\n<li><span style=\"font-weight: 400;\">Hugo Slim, Paul Thompson: Ways of listening. In <\/span><i><span style=\"font-weight: 400;\">The Oral History Reader<\/span><\/i><span style=\"font-weight: 400;\">. Ed. Robert Perks, Alistair Thomson. New Your, Routledge, 1998, 114-125.<\/span><\/li>\n<li><span style=\"font-weight: 400;\">Horv\u00e1th S\u00e1ndor: Musz\u00e1j interj\u00fazni? Az oral history mint nyilv\u00e1nos \u00e9s\/vagy szakszer\u0171 t\u00f6rt\u00e9nelem. <\/span><i><span style=\"font-weight: 400;\">Forr\u00e1s<\/span><\/i><span style=\"font-weight: 400;\"> 2011, 7-8. sz\u00e1m, 21-38.<\/span><\/li>\n<li><span style=\"font-weight: 400;\">Orlando Figes: <\/span><i><span style=\"font-weight: 400;\">The Whisperers. Private Life in Stalin\u2019s Russia.<\/span><\/i><span style=\"font-weight: 400;\"> Introduction. London, Penguin, 2007, 25-36.<\/span><\/li>\n<li><span style=\"font-weight: 400;\">Barbara Truesdell: <em>Oral History Techniques: How to Organize and Conduct Oral History Interviews<\/em> (k\u00e9zirat)<\/span><\/li>\n<li><span style=\"font-weight: 400;\">Kathryn Anderson and Dana C. Jack: Learning to listen: interview techniques and analyses. <\/span><i><span style=\"font-weight: 400;\">The Oral History Reader<\/span><\/i><span style=\"font-weight: 400;\">. Ed. Robert Perks, Alistair Thomson. New York, Routledge, 1998, 157-172.<\/span><\/li>\n<li><span style=\"font-weight: 400;\">Kov\u00e1cs \u00c9va: <\/span><i><span style=\"font-weight: 400;\">Interj\u00fas m\u00f3dszerek \u00e9s technik\u00e1k<\/span><\/i><span style=\"font-weight: 400;\"> . In. Kvalitat\u00edv m\u00f3dszerek az empirikus t\u00e1rsadalom \u00e9s kult\u00farakutat\u00e1sban. M\u00f3dszertani k\u00e9zik\u00f6nyv. \u00e9.n. P\u00e9cs.<\/span><\/li>\n<li><span style=\"font-weight: 400;\">A Life-Story Interview Guide: In Paul Thompson: <\/span><i><span style=\"font-weight: 400;\">The Voice of the Past<\/span><\/i><span style=\"font-weight: 400;\">, New York, Oxford University Press, 2000, 309-324.<\/span><\/li>\n<li><span style=\"font-weight: 400;\">Trevor Lummis: Structure and validity in oral evidence. <\/span><i><span style=\"font-weight: 400;\">The Oral History Reader<\/span><\/i><span style=\"font-weight: 400;\">. Ed. Robert Perks, Alistair Thomson. New Your, Routledge, 1998, 273-284.<\/span><\/li>\n<li><span style=\"font-weight: 400;\">Gy\u00e1ni G\u00e1bor: Eml\u00e9kez\u00e9s \u00e9s oral history. = U\u0151: Eml\u00e9kez\u00e9s, eml\u00e9kezet \u00e9s a t\u00f6rt\u00e9nelem elbesz\u00e9l\u00e9se. Bp., 2000. 134\u2013135.<\/span><\/li>\n<li><span style=\"font-weight: 400;\">Solt Ot\u00edlia: Interj\u00fazni musz\u00e1j. In: U\u0151: M\u00e9lt\u00f3s\u00e1got mindenkinek. \u00d6sszegy\u0171jt\u00f6tt \u00edr\u00e1sok I. Besz\u00e9l\u0151, Budapest, 1998. p: 29\u201348.<\/span><\/li>\n<li><span style=\"font-weight: 400;\">Levi, Giovanni: Az \u00e9letrajz haszn\u00e1r\u00f3l. Korall, 2000\/T\u00e9l 81-92.<\/span><\/li>\n<li><span style=\"font-weight: 400;\">Geertz, Clifford: S\u0171r\u0171 le\u00edr\u00e1s. \u00dat a kult\u00fara \u00e9rtelmez\u0151 elm\u00e9let\u00e9hez. In Geertz, Clifford: Az \u00e9rtelmez\u00e9s hatalma. 2001. Antropol\u00f3giai \u00edr\u00e1sok. Budapest: Osiris Kiad\u00f3. 194\u2013226.<\/span><\/li>\n<li><span style=\"font-weight: 400;\">Luisa Passerini: Work Ideology and Consensus under Italian Fascism. <\/span><i><span style=\"font-weight: 400;\">The Oral History Reader<\/span><\/i><span style=\"font-weight: 400;\">. Ed. Robert Perks, Alistair Thomson. New York, Routledge, 1998,53-63.<\/span><\/li>\n<li><span style=\"font-weight: 400;\">Kov\u00e1cs \u00c9va: <\/span><i><span style=\"font-weight: 400;\">Narrat\u00edv biogr\u00e1fiai elemz\u00e9s<\/span><\/i><span style=\"font-weight: 400;\">. In.: u\u00f6.: K\u00f6z\u00f6ss\u00e9gtanulm\u00e1ny. M\u00f3dszertani jegyzet. <\/span><span style=\"font-weight: 400;\">N\u00e9prajzi M\u00fazeum-PTE-BTK Kommunik\u00e1ci\u00f3 \u00e9s M\u00e9diatudom\u00e1nyi Tansz\u00e9k 2007 373-397.<\/span><\/li>\n<li><span style=\"font-weight: 400;\">Geertz, Clifford: M\u00e9ly j\u00e1t\u00e9k: Jegyzetek a Bali kakasviadalr\u00f3l. In Geertz, Clifford: Az \u00e9rtelmez\u00e9s hatalma. 2001. Antropol\u00f3giai \u00edr\u00e1sok. Budapest: Osiris Kiad\u00f3. 200-217.<\/span><\/li>\n<li><span style=\"font-weight: 400;\">Katherine Borland: That\u2019s not what I said\u2019: interpretive conflict in oral narrative research. <\/span><i><span style=\"font-weight: 400;\">The Oral History Reader<\/span><\/i><span style=\"font-weight: 400;\">. Ed. Robert Perks, Alistair Thomson. New Your, Routledge, 1998, 320-333.<\/span><\/li>\n<li><span style=\"font-weight: 400;\">Kathleen Blee: Evidence, empathy and ethics: lessons from oral histories of the Klan. <\/span><i><span style=\"font-weight: 400;\">The Oral History Reader<\/span><\/i><span style=\"font-weight: 400;\">. Ed. Robert Perks, Alistair Thomson. New Your, Routledge, 1998, 333-344.<\/span><\/li>\n<li><span style=\"font-weight: 400;\">Zempl\u00e9ni Andr\u00e1s: Hallgatni tudni kell. A titokr\u00f3l \u00e9s az etnol\u00f3gusok m\u00e1sok \u00e9let\u00e9be val\u00f3 betolakod\u00e1s\u00e1r\u00f3l. Tabula. 2000. 3 (2): 181-214.<\/span><\/li>\n<li><span style=\"font-weight: 400;\">K\u00f6v\u00e9r Gy\u00f6rgy: A biogr\u00e1fia neh\u00e9zs\u00e9gei. Aetas 2002.\/2-3.az 245-262.<\/span><\/li>\n<li><span style=\"font-weight: 400;\">Paul Thompson: Interpretation. In Paul Thompson: <\/span><i><span style=\"font-weight: 400;\">The Voice of the Past<\/span><\/i><span style=\"font-weight: 400;\">, New York, Oxford University Press, 2000, 265-308.<\/span><\/li>\n<li><span style=\"font-weight: 400;\">Albert Fruzsina, D\u00e1vid Be\u00e1ta, K\u0151r\u00f6si Zsuzsanna: K\u00eds\u00e9rlet \u00e9let\u00fatinterj\u00fak kapcsolath\u00e1l\u00f3zati elemz\u00e9s\u00e9re. 323-337. In <\/span><i><span style=\"font-weight: 400;\">\u00c9vk\u00f6nyv 2000<\/span><\/i><span style=\"font-weight: 400;\">. Szerkesztette: K\u0151r\u00f6si Zsuzsanna, Rainer M. J\u00e1nos, Standeisky \u00c9va. Budapest, 1956-os Int\u00e9zet, 2000, 323-337.<\/span><\/li>\n<li><span style=\"font-weight: 400;\">Somlai Katalin: \u00c9lett\u00f6rt\u00e9netek t\u00f6rt\u00e9nete. Az Oral History Arch\u00edvum sz\u00fclet\u00e9se. In <\/span><i><span style=\"font-weight: 400;\">Kultur\u00e1lis ellen\u00e1ll\u00e1s a K\u00e1d\u00e1r-korszakban. Gy\u0171jtem\u00e9nyek t\u00f6rt\u00e9nete.<\/span><\/i><span style=\"font-weight: 400;\"> Szerkesztette: Apor P., B\u00f3di L., Horv\u00e1th S., Huh\u00e1k H., Scheibner T. MTA BTK TTI, Budapest, 2018, 263-272.<\/span><\/li>\n<li><span style=\"font-weight: 400;\">Alessandro Portelli: Speaking, writing, remembering \u2013 and editing, Miners\u2019 life. In Alessandro Portelli: <\/span><i><span style=\"font-weight: 400;\">They Say in Harlan Country. An Oral History.<\/span><\/i><span style=\"font-weight: 400;\"> New York, Oxford University Press, 2011, 9-11, 135-156.<\/span><\/li>\n<\/ul>","protected":false},"excerpt":{"rendered":"<p>Olvasm\u00e1nyok: Paul Thompson: The interview [&hellip;]<\/p>","protected":false},"author":4,"featured_media":0,"parent":117,"menu_order":0,"comment_status":"closed","ping_status":"closed","template":"","meta":{"footnotes":""},"class_list":["post-323","page","type-page","status-publish","hentry"],"_links":{"self":[{"href":"https:\/\/workhistory.eu\/en\/wp-json\/wp\/v2\/pages\/323","targetHints":{"allow":["GET"]}}],"collection":[{"href":"https:\/\/workhistory.eu\/en\/wp-json\/wp\/v2\/pages"}],"about":[{"href":"https:\/\/workhistory.eu\/en\/wp-json\/wp\/v2\/types\/page"}],"author":[{"embeddable":true,"href":"https:\/\/workhistory.eu\/en\/wp-json\/wp\/v2\/users\/4"}],"replies":[{"embeddable":true,"href":"https:\/\/workhistory.eu\/en\/wp-json\/wp\/v2\/comments?post=323"}],"version-history":[{"count":3,"href":"https:\/\/workhistory.eu\/en\/wp-json\/wp\/v2\/pages\/323\/revisions"}],"predecessor-version":[{"id":572,"href":"https:\/\/workhistory.eu\/en\/wp-json\/wp\/v2\/pages\/323\/revisions\/572"}],"up":[{"embeddable":true,"href":"https:\/\/workhistory.eu\/en\/wp-json\/wp\/v2\/pages\/117"}],"wp:attachment":[{"href":"https:\/\/workhistory.eu\/en\/wp-json\/wp\/v2\/media?parent=323"}],"curies":[{"name":"wp","href":"https:\/\/api.w.org\/{rel}","templated":true}]}}