{"id":327,"date":"2022-12-01T19:16:43","date_gmt":"2022-12-01T17:16:43","guid":{"rendered":"https:\/\/workhistory.eu\/?page_id=327"},"modified":"2025-09-18T15:43:09","modified_gmt":"2025-09-18T13:43:09","slug":"sztalinizmus-es-a-mindennapok-tortenete-olvasoszeminarium","status":"publish","type":"page","link":"https:\/\/workhistory.eu\/en\/kepzes\/sztalinizmus-es-a-mindennapok-tortenete-olvasoszeminarium\/","title":{"rendered":"Szt\u00e1linizmus \u00e9s a mindennapok t\u00f6rt\u00e9nete olvas\u00f3szemin\u00e1rium"},"content":{"rendered":"<h3>Olvasm\u00e1nyok:<\/h3>\n<ul>\n<li style=\"font-weight: 400;\" aria-level=\"1\"><span style=\"font-weight: 400;\">David L. Hoffmann, Introduction: Interpretations of Stalinism. Stalinism. In <\/span><i><span style=\"font-weight: 400;\">The Essential Readings<\/span><\/i><span style=\"font-weight: 400;\"> ed. David L. Hoffmann. Oxford, 2003., 1-7.<\/span><\/li>\n<li style=\"font-weight: 400;\" aria-level=\"1\"><i><span style=\"font-weight: 400;\">The History of Everyday Life: Reconstructing Historical Experiences and Ways of Life.<\/span><\/i><span style=\"font-weight: 400;\"> Ed. Alf L\u00fcdtke. Princeton, 1995., 3-30.<\/span><\/li>\n<li style=\"font-weight: 400;\" aria-level=\"1\"><span style=\"font-weight: 400;\">Fitzpatrick, Sheila, <\/span><i><span style=\"font-weight: 400;\">Everyday Stalinism: Ordinary Life in Extraordinary Times. Soviet Russia in the 1930s. <\/span><\/i><span style=\"font-weight: 400;\">New York, Oxford University Press,1999., 1-13.<\/span><\/li>\n<li style=\"font-weight: 400;\" aria-level=\"1\"><span style=\"font-weight: 400;\">Gy\u00e1ni G\u00e1bor: A mindennapi \u00e9let mint kutat\u00e1si probl\u00e9ma. Aetas 1997, 1. vagy U\u0151: Az utca \u00e9s a szalon. Bp., \u00daj Mand\u00e1tum, 1998. 11-22.<\/span><\/li>\n<li style=\"font-weight: 400;\" aria-level=\"1\"><span style=\"font-weight: 400;\">Majt\u00e9nyi Gy\u00f6rgy: \u201eUraltak\u201d vagy \u201e\u00f6nfej\u0171ek\u201d. Diktat\u00far\u00e1k mindennapjai a n\u00e9met t\u00e1rsadalomt\u00f6rt\u00e9net-\u00edr\u00e1sban. Korall, 2001, \u0151sz-t\u00e9l, 242-252.<\/span><\/li>\n<li style=\"font-weight: 400;\" aria-level=\"1\"><span style=\"font-weight: 400;\">Sheila Fitzpatrick: Ascribing class.The Construction of Social Identity Soviet Russia. Journal of Modern History, 65: 4, 1993, Dec, 745-770. vagy in: <\/span><i><span style=\"font-weight: 400;\">Stalinism. New Directions<\/span><\/i><span style=\"font-weight: 400;\">. 20-46.<\/span><\/li>\n<li style=\"font-weight: 400;\" aria-level=\"1\"><i>Stephen Kotkin: <\/i>Magnetic Mountain: Stalinism as a Civilization. In <i>The Essential Readings<\/i> ed. David L. Hoffmann. Oxford, 2003., 107-126.<\/li>\n<li style=\"font-weight: 400;\" aria-level=\"1\"><i><span style=\"font-weight: 400;\">Borders of Socialism. Private Spheres of Soviet Russia<\/span><\/i><span style=\"font-weight: 400;\">. Ed. Lewis H. Sigelbaum. New York, 2006. Introduction: Mapping Private Spheres in the Soviet Context, 1-17.<\/span><\/li>\n<li><span style=\"font-weight: 400;\">Hellbeck, Jochen: <\/span><i><span style=\"font-weight: 400;\">Fashioning the Stalinist Soul. The Diary of Stepan Podlubnyi, 1931\u20131939<\/span><\/i><span style=\"font-weight: 400;\">. In: Stalinism. New Directions. Ed. Sheila Fitzpatrick. London\u2013New York, 2000. 77\u2013116.\u00a0<\/span><\/li>\n<li><span style=\"font-weight: 400;\">Hoffmann, David L.: <\/span><i><span style=\"font-weight: 400;\">Stalinist Values. The Cultural Norms of Soviet Modernity (1917\u20131941).<\/span><\/i><span style=\"font-weight: 400;\"> Ithaca\u2013London, Cornell University Press, 2003., 57-62.<\/span><\/li>\n<li><span style=\"font-weight: 400;\">Jill Massino, <\/span><i><span style=\"font-weight: 400;\">Ambiguous Transitions: Gender, the State, and Everyday Life in Socialist and Postsocialist Romania<\/span><\/i><span style=\"font-weight: 400;\">. Berghahn Books, 2019. Fejezetek: Intro, 1-18, Creating the New (Wo)man, 55-74.<\/span><\/li>\n<li><span style=\"font-weight: 400;\">Anna Krylova: Soviet Modernity: Stephen Kotkin and the Bolshevik Predicament. <\/span><i><span style=\"font-weight: 400;\">Contemporary European History<\/span><\/i><span style=\"font-weight: 400;\"> (2014) No. 23. 167\u2013192.<\/span><\/li>\n<li><span style=\"font-weight: 400;\">Vadim Volkov<\/span><i><span style=\"font-weight: 400;\">, The Concept of Kul&#8217;turnost Notes on the Stalinist civilizing process<\/span><\/i><span style=\"font-weight: 400;\">, in <\/span><i><span style=\"font-weight: 400;\">Stalinism. New Directions<\/span><\/i><span style=\"font-weight: 400;\">. Ed. Sheila Fitzpatrick. London\u2013New York, 2000., 210-228.<\/span><\/li>\n<li><span style=\"font-weight: 400;\">Bahr, Andrea, <\/span><i><span style=\"font-weight: 400;\">Paternalism in Local Practice. The Logic of Repression, Ideological Hegemony, and the Everyday Management of Society in an SED Local Secretariat<\/span><\/i><span style=\"font-weight: 400;\">, in Bergien, R\u00fcdiger \u2013 Jens Gieseke (eds.) Communist Parties Revisited. Sociocultural Approaches to Party Rule in the Soviet Bloc, 1956\u20131991. New York\u2013Oxford, Berghahn, 2018., 252-269.<\/span><\/li>\n<\/ul>","protected":false},"excerpt":{"rendered":"<p>Olvasm\u00e1nyok: David L. Hoffmann, Introduction: [&hellip;]<\/p>","protected":false},"author":4,"featured_media":0,"parent":117,"menu_order":0,"comment_status":"closed","ping_status":"closed","template":"","meta":{"footnotes":""},"class_list":["post-327","page","type-page","status-publish","hentry"],"_links":{"self":[{"href":"https:\/\/workhistory.eu\/en\/wp-json\/wp\/v2\/pages\/327","targetHints":{"allow":["GET"]}}],"collection":[{"href":"https:\/\/workhistory.eu\/en\/wp-json\/wp\/v2\/pages"}],"about":[{"href":"https:\/\/workhistory.eu\/en\/wp-json\/wp\/v2\/types\/page"}],"author":[{"embeddable":true,"href":"https:\/\/workhistory.eu\/en\/wp-json\/wp\/v2\/users\/4"}],"replies":[{"embeddable":true,"href":"https:\/\/workhistory.eu\/en\/wp-json\/wp\/v2\/comments?post=327"}],"version-history":[{"count":2,"href":"https:\/\/workhistory.eu\/en\/wp-json\/wp\/v2\/pages\/327\/revisions"}],"predecessor-version":[{"id":573,"href":"https:\/\/workhistory.eu\/en\/wp-json\/wp\/v2\/pages\/327\/revisions\/573"}],"up":[{"embeddable":true,"href":"https:\/\/workhistory.eu\/en\/wp-json\/wp\/v2\/pages\/117"}],"wp:attachment":[{"href":"https:\/\/workhistory.eu\/en\/wp-json\/wp\/v2\/media?parent=327"}],"curies":[{"name":"wp","href":"https:\/\/api.w.org\/{rel}","templated":true}]}}