{"id":33,"date":"2022-10-24T15:29:23","date_gmt":"2022-10-24T13:29:23","guid":{"rendered":"https:\/\/workhistory.eu\/?page_id=33"},"modified":"2024-10-18T14:57:21","modified_gmt":"2024-10-18T12:57:21","slug":"kutatok","status":"publish","type":"page","link":"https:\/\/workhistory.eu\/en\/kutatok\/","title":{"rendered":"Researchers"},"content":{"rendered":"<h3 style=\"text-align: center;\"><a href=\"https:\/\/workhistory.eu\/en\/kutatok\/horvath-sandor\/\"><strong>HORV\u00c1TH, S\u00e1ndor (PI)<\/strong><\/a><\/h3>\r\n<h3 style=\"text-align: center;\"><a href=\"https:\/\/workhistory.eu\/en\/tagok\/alaban-peter\/\"><strong>ALAB\u00c1N, P\u00e9ter<\/strong><\/a><\/h3>\r\n<h3 style=\"text-align: center;\"><a href=\"https:\/\/workhistory.eu\/en\/tagok\/apor-peter\/\"><strong>APOR, P\u00e9ter<\/strong><\/a><\/h3>\r\n<h3 style=\"text-align: center;\"><a href=\"https:\/\/workhistory.eu\/en\/tagok\/bako-boglarka\/\"><strong>BAK\u00d3, Bogl\u00e1rka<\/strong><\/a><\/h3>\r\n<h3 style=\"text-align: center;\"><strong><a href=\"https:\/\/workhistory.eu\/en\/kutatok\/bartha-akos\/\">BARTHA \u00c1kos<\/a><\/strong><\/h3>\r\n<h3 style=\"text-align: center;\"><a href=\"https:\/\/workhistory.eu\/en\/tagok\/bedok-peter\/\"><strong>BED\u0150K, P\u00e9ter<\/strong><\/a><\/h3>\r\n<h3 style=\"text-align: center;\"><a href=\"https:\/\/workhistory.eu\/en\/kutatok\/body-zsombor\/\"><strong>B\u00d3DY, Zsombor<\/strong><\/a><\/h3>\r\n<h3 style=\"text-align: center;\"><a href=\"https:\/\/workhistory.eu\/en\/tagok\/csurgo-bernadett\/\"><strong>CSURG\u00d3, Bernadett<\/strong><\/a><\/h3>\r\n<h3 style=\"text-align: center;\"><a href=\"https:\/\/workhistory.eu\/en\/tagok\/dupcsik-csaba\/\"><strong>DUPCSIK, Csaba<\/strong><\/a><\/h3>\r\n<h3 style=\"text-align: center;\"><a href=\"https:\/\/workhistory.eu\/en\/tagok\/focze-janos\/\"><strong>F\u0150CZE, J\u00e1nos<\/strong><\/a><\/h3>\r\n<h3 style=\"text-align: center;\"><a href=\"https:\/\/workhistory.eu\/en\/tagok\/grexa-izabella\/\"><strong>GREXA, Izabella<\/strong><\/a><\/h3>\r\n<h3 style=\"text-align: center;\"><strong><a href=\"https:\/\/workhistory.eu\/en\/kutatok\/kappanyos-ilona\/\">KAPPANYOS Ilona<\/a><\/strong><\/h3>\r\n<h3 style=\"text-align: center;\"><a href=\"https:\/\/workhistory.eu\/en\/tagok\/kelemen-katalin\/\"><strong>KELEMEN, Katalin<\/strong><\/a><\/h3>\r\n<h3 style=\"text-align: center;\"><strong>KELLER, M\u00e1rkus<\/strong><\/h3>\r\n<h3 style=\"text-align: center;\"><a href=\"https:\/\/workhistory.eu\/en\/tagok\/kimmel-mate\/\"><strong>KIMMEL, M\u00e1t\u00e9<\/strong><\/a><\/h3>\r\n<h3 style=\"text-align: center;\"><a href=\"https:\/\/workhistory.eu\/en\/tagok\/kisorsi-zsofia\/\"><strong>KIS\u0150RSI, Zs\u00f3fia<\/strong><\/a><\/h3>\r\n<h3 style=\"text-align: center;\"><a href=\"https:\/\/workhistory.eu\/en\/tagok\/kovacsne-magyari-hajnalka\/\"><strong>KOV\u00c1CSN\u00c9 MAGYARI, Hajnalka<\/strong><\/a><\/h3>\r\n<h3 style=\"text-align: center;\"><a href=\"https:\/\/workhistory.eu\/en\/tagok\/laszlofi-viola\/\"><strong>L\u00c1SZL\u00d3FI, Viola<\/strong><\/a><\/h3>\r\n<h3 style=\"text-align: center;\"><a href=\"https:\/\/workhistory.eu\/en\/tagok\/lehotay-veronika\/\"><strong>LEHOTAY, Veronika<\/strong><\/a><\/h3>\r\n<h3 style=\"text-align: center;\"><a href=\"https:\/\/workhistory.eu\/en\/tagok\/lengyel-eszter\/\"><strong>LENGYEL, Eszter<\/strong><\/a><\/h3>\r\n<h3 style=\"text-align: center;\"><a href=\"https:\/\/workhistory.eu\/en\/tagok\/nagy-eszter\/\"><strong>NAGY, Eszter<\/strong><\/a><\/h3>\r\n<h3 style=\"text-align: center;\"><a href=\"https:\/\/workhistory.eu\/en\/tagok\/nagy-peter\/\"><strong>NAGY, P\u00e9ter<\/strong><\/a><\/h3>\r\n<h3 style=\"text-align: center;\"><a href=\"https:\/\/workhistory.eu\/en\/tagok\/slachta-krisztina\/\"><strong>SLACHTA, Krisztina<\/strong><\/a><\/h3>\r\n<h3 style=\"text-align: center;\"><a href=\"https:\/\/workhistory.eu\/en\/tagok\/somlai-katalin\/\"><strong>SOMLAI, Katalin<\/strong><\/a><\/h3>\r\n<h3 style=\"text-align: center;\"><a href=\"https:\/\/workhistory.eu\/en\/tagok\/svegel-fanni\/\"><strong>SV\u00c9GEL, Fanni<\/strong><\/a><\/h3>\r\n<h3 style=\"text-align: center;\"><a href=\"https:\/\/workhistory.eu\/en\/tagok\/takacs-robert\/\"><strong>TAK\u00c1CS, R\u00f3bert<\/strong><\/a><\/h3>\r\n<h3 style=\"text-align: center;\"><a href=\"https:\/\/workhistory.eu\/en\/tagok\/tarnai-eszter\/\"><strong>TARNAI, Eszter<\/strong><\/a><\/h3>\r\n&nbsp;\r\n\r\n&nbsp;\r\n\r\n<!-- \/wp:post-content -->","protected":false},"excerpt":{"rendered":"<p>HORV\u00c1TH S\u00e1ndor (kutat\u00e1svezet\u0151) ALAB\u00c1N P\u00e9ter [&hellip;]<\/p>","protected":false},"author":4,"featured_media":0,"parent":0,"menu_order":0,"comment_status":"closed","ping_status":"closed","template":"","meta":{"footnotes":""},"class_list":["post-33","page","type-page","status-publish","hentry"],"_links":{"self":[{"href":"https:\/\/workhistory.eu\/en\/wp-json\/wp\/v2\/pages\/33","targetHints":{"allow":["GET"]}}],"collection":[{"href":"https:\/\/workhistory.eu\/en\/wp-json\/wp\/v2\/pages"}],"about":[{"href":"https:\/\/workhistory.eu\/en\/wp-json\/wp\/v2\/types\/page"}],"author":[{"embeddable":true,"href":"https:\/\/workhistory.eu\/en\/wp-json\/wp\/v2\/users\/4"}],"replies":[{"embeddable":true,"href":"https:\/\/workhistory.eu\/en\/wp-json\/wp\/v2\/comments?post=33"}],"version-history":[{"count":37,"href":"https:\/\/workhistory.eu\/en\/wp-json\/wp\/v2\/pages\/33\/revisions"}],"predecessor-version":[{"id":418,"href":"https:\/\/workhistory.eu\/en\/wp-json\/wp\/v2\/pages\/33\/revisions\/418"}],"wp:attachment":[{"href":"https:\/\/workhistory.eu\/en\/wp-json\/wp\/v2\/media?parent=33"}],"curies":[{"name":"wp","href":"https:\/\/api.w.org\/{rel}","templated":true}]}}