{"id":405,"date":"2023-01-04T17:28:30","date_gmt":"2023-01-04T15:28:30","guid":{"rendered":"https:\/\/workhistory.eu\/?page_id=405"},"modified":"2024-10-18T14:57:10","modified_gmt":"2024-10-18T12:57:10","slug":"body-zsombor","status":"publish","type":"page","link":"https:\/\/workhistory.eu\/en\/kutatok\/body-zsombor\/","title":{"rendered":"B\u00f3dy Zsombor"},"content":{"rendered":"<p><img loading=\"lazy\" decoding=\"async\" class=\"size-medium wp-image-406 alignleft\" src=\"https:\/\/workhistory.eu\/wp-content\/uploads\/2023\/01\/P1020819-300x225.jpg\" alt=\"body-zsombor-work\" width=\"300\" height=\"225\" srcset=\"https:\/\/workhistory.eu\/wp-content\/uploads\/2023\/01\/P1020819-300x225.jpg 300w, https:\/\/workhistory.eu\/wp-content\/uploads\/2023\/01\/P1020819-1024x768.jpg 1024w, https:\/\/workhistory.eu\/wp-content\/uploads\/2023\/01\/P1020819-768x576.jpg 768w, https:\/\/workhistory.eu\/wp-content\/uploads\/2023\/01\/P1020819-1536x1152.jpg 1536w, https:\/\/workhistory.eu\/wp-content\/uploads\/2023\/01\/P1020819-2048x1536.jpg 2048w, https:\/\/workhistory.eu\/wp-content\/uploads\/2023\/01\/P1020819-16x12.jpg 16w, https:\/\/workhistory.eu\/wp-content\/uploads\/2023\/01\/P1020819-1140x855.jpg 1140w, https:\/\/workhistory.eu\/wp-content\/uploads\/2023\/01\/P1020819-920x690.jpg 920w, https:\/\/workhistory.eu\/wp-content\/uploads\/2023\/01\/P1020819-575x431.jpg 575w, https:\/\/workhistory.eu\/wp-content\/uploads\/2023\/01\/P1020819-380x285.jpg 380w\" sizes=\"auto, (max-width: 300px) 100vw, 300px\" \/><\/p>\n<p class=\" translation-block\"><b>B\u00f3dy, Zsombor<\/b> will work on the longer-term history of professionals in fields involving\ntechnology (technocrats, or technokrat\u00e1k in Hungarian) in the automotive industry. B\u00f3dy will\nalso study the roles of these professionals as employers. He will address one of the most\nimportant branches of industrial production (cf. Fava) in socialist Hungary, which employed\ntens of thousands of workers and professionals and managed to build up extensive international\ntrade relations (cf. Scranton). He will map the range of opportunities of professionals (see Kott\n2018) on various levels: in individual plants, research institutes of branches, and institutions of\npolitical decision making. He will explore relationships at the workplace among professionals,\nwaged workers, and the political leadership and the influence of professionals in making\nstrategic decisions concerning the automotive industry in general.<\/p>\n<p>His work will address the\ncontinuities and discontinuities of expert cultures (Kohlrausch et al), challenge the theses of\nGalbraith and the Post Keynesians regarding technological innovation and experts\n(Courvisanos), and of the patterns of workplace relationships among professionals between the\nsocialist era and the period before the Second World War. Finally, he will compare workplace\nrelationships among professionals in the context of socialist Hungary and similar relationships\nin market economies (cf. Link 2020). The main sources for his research are the Archives of the\nAutomobile and Tractor Industry Trust 1952\u20131979 (MNL OL XXIX F \u2013 1) and the archives of\nthe Ikarus Bus Factory.<\/p>\n<p class=\" translation-block\"><strong>Keywords:<\/strong> technology, technocracy, workers' self-understanding, social power, state socialism<\/p>","protected":false},"excerpt":{"rendered":"<p>B\u00f3dy Zsombor (ELTE T\u00c1TK, \u00d6sszehasonl\u00edt\u00f3 [&hellip;]<\/p>","protected":false},"author":4,"featured_media":0,"parent":33,"menu_order":0,"comment_status":"closed","ping_status":"closed","template":"","meta":{"footnotes":""},"class_list":["post-405","page","type-page","status-publish","hentry"],"_links":{"self":[{"href":"https:\/\/workhistory.eu\/en\/wp-json\/wp\/v2\/pages\/405","targetHints":{"allow":["GET"]}}],"collection":[{"href":"https:\/\/workhistory.eu\/en\/wp-json\/wp\/v2\/pages"}],"about":[{"href":"https:\/\/workhistory.eu\/en\/wp-json\/wp\/v2\/types\/page"}],"author":[{"embeddable":true,"href":"https:\/\/workhistory.eu\/en\/wp-json\/wp\/v2\/users\/4"}],"replies":[{"embeddable":true,"href":"https:\/\/workhistory.eu\/en\/wp-json\/wp\/v2\/comments?post=405"}],"version-history":[{"count":1,"href":"https:\/\/workhistory.eu\/en\/wp-json\/wp\/v2\/pages\/405\/revisions"}],"predecessor-version":[{"id":407,"href":"https:\/\/workhistory.eu\/en\/wp-json\/wp\/v2\/pages\/405\/revisions\/407"}],"up":[{"embeddable":true,"href":"https:\/\/workhistory.eu\/en\/wp-json\/wp\/v2\/pages\/33"}],"wp:attachment":[{"href":"https:\/\/workhistory.eu\/en\/wp-json\/wp\/v2\/media?parent=405"}],"curies":[{"name":"wp","href":"https:\/\/api.w.org\/{rel}","templated":true}]}}