{"id":410,"date":"2023-01-19T14:01:52","date_gmt":"2023-01-19T12:01:52","guid":{"rendered":"https:\/\/workhistory.eu\/?page_id=410"},"modified":"2024-10-18T14:57:10","modified_gmt":"2024-10-18T12:57:10","slug":"bartha-akos","status":"publish","type":"page","link":"https:\/\/workhistory.eu\/en\/kutatok\/bartha-akos\/","title":{"rendered":"Bartha \u00c1kos"},"content":{"rendered":"<p><strong><img loading=\"lazy\" decoding=\"async\" class=\"size-medium wp-image-411 alignleft\" src=\"https:\/\/workhistory.eu\/wp-content\/uploads\/2023\/01\/portre_2022_bartha_akos-297x300.jpg\" alt=\"Bartha-Akos-work\" width=\"297\" height=\"300\" srcset=\"https:\/\/workhistory.eu\/wp-content\/uploads\/2023\/01\/portre_2022_bartha_akos-297x300.jpg 297w, https:\/\/workhistory.eu\/wp-content\/uploads\/2023\/01\/portre_2022_bartha_akos-768x775.jpg 768w, https:\/\/workhistory.eu\/wp-content\/uploads\/2023\/01\/portre_2022_bartha_akos-12x12.jpg 12w, https:\/\/workhistory.eu\/wp-content\/uploads\/2023\/01\/portre_2022_bartha_akos-920x929.jpg 920w, https:\/\/workhistory.eu\/wp-content\/uploads\/2023\/01\/portre_2022_bartha_akos-575x580.jpg 575w, https:\/\/workhistory.eu\/wp-content\/uploads\/2023\/01\/portre_2022_bartha_akos-380x384.jpg 380w, https:\/\/workhistory.eu\/wp-content\/uploads\/2023\/01\/portre_2022_bartha_akos.jpg 951w\" sizes=\"auto, (max-width: 297px) 100vw, 297px\" \/>Bartha \u00c1kos<\/strong> t\u00f6rt\u00e9n\u00e9sz, az ELKH BTK T\u00f6rt\u00e9nettudom\u00e1nyi Int\u00e9zet\u00e9nek tudom\u00e1nyos munkat\u00e1rsa, a <em>Sz\u00e1zadok<\/em> szerkeszt\u0151je. Doktori disszert\u00e1ci\u00f3j\u00e1t 2012-ben v\u00e9dte meg a Debreceni Egyetemen. K\u00f6nyve jelent meg a s\u00e1rospataki falukutat\u00e1sr\u00f3l (2013), a n\u00e9pi mozgalomr\u00f3l (2017), Bajcsy-Zsilinszky Endr\u00e9r\u0151l (2019) \u00e9s a n\u00e9met megsz\u00e1ll\u00e1s alatti magyar ellen\u00e1ll\u00e1sr\u00f3l (2021).<\/p>\n<p>A WORK-projektben folytatott kutat\u00e1sa az 1945 el\u0151tt \u00e9s ut\u00e1n \u00edrt magyarorsz\u00e1gi szociogr\u00e1fi\u00e1k \u00f6sszehasonl\u00edt\u00f3 elemz\u00e9s\u00e9re ir\u00e1nyul, els\u0151sorban a <em>Magyarorsz\u00e1g felfedez\u00e9se <\/em>sorozatban megjelent munk\u00e1kra f\u00f3kusz\u00e1lva. \u00a0A kutat\u00e1s kiindul\u00f3pontja, hogy m\u00edg a Horthy-kori n\u00e9pi szociogr\u00e1fia civil kezdem\u00e9nyez\u00e9snek tekinthet\u0151, melyet a hatalom hol kanaliz\u00e1lni pr\u00f3b\u00e1lt, hol pedig \u00fcld\u00f6z\u00f6tt, addig a K\u00e1d\u00e1r-korszakban a hatalom s\u00e1ncai m\u00f6g\u00f6tt indult \u00fajra a sorozat. K\u00e9rd\u00e9sk\u00e9nt mer\u00fcl fel teh\u00e1t a folytonoss\u00e1g \u00e9s a megszak\u00edtotts\u00e1g k\u00e9rd\u00e9se, illetve a hatalomhoz f\u0171z\u0151d\u0151 mindenkori viszony. A kutat\u00e1s emellett kiterjed a mez\u0151gazdas\u00e1g \u00fczemszerkezet\u00e9nek interpret\u00e1ci\u00f3ira, illetve a paraszti jelleg\u0171 munka 1945 el\u0151tt \u00e9s ut\u00e1ni \u00e1br\u00e1zol\u00e1s\u00e1ra is.<\/p>\n<p class=\" translation-block\"><strong>Keywords<\/strong>: sociography, village research, Horthy Era, K\u00e1d\u00e1r Era<\/p>","protected":false},"excerpt":{"rendered":"<p>Bartha \u00c1kos t\u00f6rt\u00e9n\u00e9sz, az ELKH [&hellip;]<\/p>","protected":false},"author":4,"featured_media":0,"parent":33,"menu_order":0,"comment_status":"closed","ping_status":"closed","template":"","meta":{"footnotes":""},"class_list":["post-410","page","type-page","status-publish","hentry"],"_links":{"self":[{"href":"https:\/\/workhistory.eu\/en\/wp-json\/wp\/v2\/pages\/410","targetHints":{"allow":["GET"]}}],"collection":[{"href":"https:\/\/workhistory.eu\/en\/wp-json\/wp\/v2\/pages"}],"about":[{"href":"https:\/\/workhistory.eu\/en\/wp-json\/wp\/v2\/types\/page"}],"author":[{"embeddable":true,"href":"https:\/\/workhistory.eu\/en\/wp-json\/wp\/v2\/users\/4"}],"replies":[{"embeddable":true,"href":"https:\/\/workhistory.eu\/en\/wp-json\/wp\/v2\/comments?post=410"}],"version-history":[{"count":1,"href":"https:\/\/workhistory.eu\/en\/wp-json\/wp\/v2\/pages\/410\/revisions"}],"predecessor-version":[{"id":412,"href":"https:\/\/workhistory.eu\/en\/wp-json\/wp\/v2\/pages\/410\/revisions\/412"}],"up":[{"embeddable":true,"href":"https:\/\/workhistory.eu\/en\/wp-json\/wp\/v2\/pages\/33"}],"wp:attachment":[{"href":"https:\/\/workhistory.eu\/en\/wp-json\/wp\/v2\/media?parent=410"}],"curies":[{"name":"wp","href":"https:\/\/api.w.org\/{rel}","templated":true}]}}