{"id":414,"date":"2023-01-19T14:07:12","date_gmt":"2023-01-19T12:07:12","guid":{"rendered":"https:\/\/workhistory.eu\/?page_id=414"},"modified":"2024-10-18T14:57:21","modified_gmt":"2024-10-18T12:57:21","slug":"kappanyos-ilona","status":"publish","type":"page","link":"https:\/\/workhistory.eu\/en\/kutatok\/kappanyos-ilona\/","title":{"rendered":"Kappanyos Ilona"},"content":{"rendered":"<p><strong><img loading=\"lazy\" decoding=\"async\" class=\"alignleft wp-image-415 size-medium\" src=\"https:\/\/workhistory.eu\/wp-content\/uploads\/2023\/01\/IMG_20210308_101606-e1674130014392-264x300.jpg\" alt=\"kappanyos-ilona-work\" width=\"264\" height=\"300\" srcset=\"https:\/\/workhistory.eu\/wp-content\/uploads\/2023\/01\/IMG_20210308_101606-e1674130014392-264x300.jpg 264w, https:\/\/workhistory.eu\/wp-content\/uploads\/2023\/01\/IMG_20210308_101606-e1674130014392-902x1024.jpg 902w, https:\/\/workhistory.eu\/wp-content\/uploads\/2023\/01\/IMG_20210308_101606-e1674130014392-768x872.jpg 768w, https:\/\/workhistory.eu\/wp-content\/uploads\/2023\/01\/IMG_20210308_101606-e1674130014392-1353x1536.jpg 1353w, https:\/\/workhistory.eu\/wp-content\/uploads\/2023\/01\/IMG_20210308_101606-e1674130014392-11x12.jpg 11w, https:\/\/workhistory.eu\/wp-content\/uploads\/2023\/01\/IMG_20210308_101606-e1674130014392-1140x1295.jpg 1140w, https:\/\/workhistory.eu\/wp-content\/uploads\/2023\/01\/IMG_20210308_101606-e1674130014392-920x1045.jpg 920w, https:\/\/workhistory.eu\/wp-content\/uploads\/2023\/01\/IMG_20210308_101606-e1674130014392-575x653.jpg 575w, https:\/\/workhistory.eu\/wp-content\/uploads\/2023\/01\/IMG_20210308_101606-e1674130014392-380x432.jpg 380w, https:\/\/workhistory.eu\/wp-content\/uploads\/2023\/01\/IMG_20210308_101606-e1674130014392.jpg 1747w\" sizes=\"auto, (max-width: 264px) 100vw, 264px\" \/>Kappanyos Ilona<\/strong> t\u00f6rt\u00e9n\u00e9sz, az ELTE T\u00f6rt\u00e9nelemtudom\u00e1nyi Doktori Iskola hallgat\u00f3ja. Mesterszakos tanulm\u00e1nyainak sor\u00e1n \u00e1llamszocialista kult\u00fart\u00f6rt\u00e9nettel foglalkozott, els\u0151sorban a csal\u00e1d, a nemi viszonyok, a dolgoz\u00f3 n\u0151k \u00e9s f\u00e9rfiak filmes \u00e1br\u00e1zol\u00e1sait vizsg\u00e1lta. Jelenlegi kutat\u00e1si ter\u00fclete a sz\u00e1z\u00e9ves magyar v\u00e9d\u0151n\u0151i h\u00e1l\u00f3zat m\u0171k\u00f6d\u00e9se \u00e9s \u00e1talakul\u00e1sa az \u00e1llamszocialista korszak folyam\u00e1n.<\/p>\n<p><span style=\"font-style: inherit; font-weight: inherit;\">A kutat\u00f3csoporton bel\u00fcl az otthon v\u00e9gzett munka, az otthon-mint-munkahely k\u00e9rd\u00e9s\u00e9t vizsg\u00e1lja: a v\u00e9d\u0151n\u0151 saj\u00e1t munk\u00e1j\u00e1t jelent\u0151s r\u00e9szben m\u00e1sok otthon\u00e1ban v\u00e9gzi, amennyiben a m\u00e1sok, els\u0151sorban n\u0151k \u00e9s any\u00e1k \u00e1ltal a saj\u00e1t otthonukban v\u00e9gzett reprodukt\u00edv munk\u00e1t ellen\u0151rzi \u00e9s t\u00e1mogatja. A v\u00e9d\u0151n\u0151i munka rutinj\u00e1t \u00e9s kereteit a korszak eg\u00e9szs\u00e9g\u00fcgyi szaksajt\u00f3j\u00e1nak vizsg\u00e1lat\u00e1val, \u00e9s v\u00e9d\u0151n\u0151-interj\u00fak elemz\u00e9s\u00e9vel igyekszik felt\u00e1rni.<\/span><\/p>\n<p><span style=\"font-style: inherit; font-weight: inherit;\"><strong>Kulcsszavak:<\/strong> biopolitika, eg\u00e9szs\u00e9g\u00fcgyi munka, gondoskod\u00f3 munka, anyas\u00e1g, informalit\u00e1s<\/span><\/p>","protected":false},"excerpt":{"rendered":"<p>Kappanyos Ilona t\u00f6rt\u00e9n\u00e9sz, az ELTE [&hellip;]<\/p>","protected":false},"author":4,"featured_media":0,"parent":33,"menu_order":0,"comment_status":"closed","ping_status":"closed","template":"","meta":{"footnotes":""},"class_list":["post-414","page","type-page","status-publish","hentry"],"_links":{"self":[{"href":"https:\/\/workhistory.eu\/en\/wp-json\/wp\/v2\/pages\/414","targetHints":{"allow":["GET"]}}],"collection":[{"href":"https:\/\/workhistory.eu\/en\/wp-json\/wp\/v2\/pages"}],"about":[{"href":"https:\/\/workhistory.eu\/en\/wp-json\/wp\/v2\/types\/page"}],"author":[{"embeddable":true,"href":"https:\/\/workhistory.eu\/en\/wp-json\/wp\/v2\/users\/4"}],"replies":[{"embeddable":true,"href":"https:\/\/workhistory.eu\/en\/wp-json\/wp\/v2\/comments?post=414"}],"version-history":[{"count":1,"href":"https:\/\/workhistory.eu\/en\/wp-json\/wp\/v2\/pages\/414\/revisions"}],"predecessor-version":[{"id":416,"href":"https:\/\/workhistory.eu\/en\/wp-json\/wp\/v2\/pages\/414\/revisions\/416"}],"up":[{"embeddable":true,"href":"https:\/\/workhistory.eu\/en\/wp-json\/wp\/v2\/pages\/33"}],"wp:attachment":[{"href":"https:\/\/workhistory.eu\/en\/wp-json\/wp\/v2\/media?parent=414"}],"curies":[{"name":"wp","href":"https:\/\/api.w.org\/{rel}","templated":true}]}}