{"id":421,"date":"2023-04-26T09:32:22","date_gmt":"2023-04-26T07:32:22","guid":{"rendered":"https:\/\/workhistory.eu\/?page_id=421"},"modified":"2024-10-18T14:57:10","modified_gmt":"2024-10-18T12:57:10","slug":"munkaformak-a-20-szazadban-work-shop-2","status":"publish","type":"page","link":"https:\/\/workhistory.eu\/en\/esemenyek\/munkaformak-a-20-szazadban-work-shop-2\/","title":{"rendered":"Munkaform\u00e1k a 20. sz\u00e1zadban &#8211; Work-shop 2."},"content":{"rendered":"<h3>2023. \u00e1prilis 3. h\u00e9tf\u0151<\/h3>\n<p>09:30-10:00 El\u0151t\u00f6rt\u00e9netek \u00e9s professzionaliz\u00e1ci\u00f3<\/p>\n<ul>\n<li>Bartha \u00c1kos: Egy kev\u00e9sb\u00e9 ismert (el\u0151)t\u00f6rt\u00e9net: szociogr\u00e1fia Magyarorsz\u00e1gon az 1920-as \u00e9vekben<\/li>\n<li>Magyari Hajnalka: A kozmetikus szakma professzionaliz\u00e1ci\u00f3ja \u00e9s legitimm\u00e9 v\u00e1l\u00e1sa (1895-1934)<\/li>\n<\/ul>\n<p>10:30-11:15 Diskurzusok \u00e9s \u00e9rtelmis\u00e9gi munkahelyek<\/p>\n<ul>\n<li>L\u00e1szl\u00f3fi Viola: Ingyeness\u00e9g, \u00e9rdekelts\u00e9g \u00e9s szervez\u00e9s. Diskurzusok az eg\u00e9szs\u00e9g\u00fcgyi rendszer<br \/>\nprobl\u00e9m\u00e1ir\u00f3l az \u00e1llamszocialista id\u0151szakban<\/li>\n<li>Kappanyos Ilona: A v\u00e9d\u0151n\u0151k szerepe a csal\u00e1di \u00e9letre nevel\u00e9sben az 1973-as n\u00e9pesed\u00e9spolitikai<br \/>\nhat\u00e1rozat ut\u00e1n<\/li>\n<li>Ber\u00e9nyi Marianna &#8211; Gr\u00e9czi Em\u0151ke: A m\u00fazeumi munka, a m\u00fazeum mint munkahely<\/li>\n<\/ul>\n<p>11:45-12:30 \u00c9rtelmis\u00e9gi munkaform\u00e1k<\/p>\n<ul>\n<li>Somlai Katalin: K\u00f6zgazd\u00e1sz \u00e9letforma: emberek, int\u00e9zm\u00e9nyek \u00e9s m\u00e1s terek<\/li>\n<li>Tak\u00e1cs R\u00f3bert: Doll\u00e1rrabszolg\u00e1k \u00e9s oknyomoz\u00f3k: a nyugati sajt\u00f3 szakmai norm\u00e1i Keletr\u0151l n\u00e9zve<\/li>\n<li>Nagy Eszter: A m\u0171v\u00e9szet \u00e9s gazdas\u00e1g h\u00e1l\u00f3j\u00e1ban: az ipari formatervez\u00e9si v\u00e1llalat \u00fcgye<\/li>\n<\/ul>\n<p>14:00-15:00 Munkakult\u00far\u00e1k tal\u00e1lkoz\u00e1sa<\/p>\n<ul>\n<li>Bed\u0151k P\u00e9ter: Munkav\u00e1llal\u00e1s \u00e9s m\u00e1sodik gazdas\u00e1g a Mura menti horv\u00e1t falvakban 1952 \u00e9s 1963<br \/>\nk\u00f6z\u00f6tt a helyi sajt\u00f3 t\u00fckr\u00e9ben<\/li>\n<li>F\u0151cze J\u00e1nos: Munkakult\u00fara Cs\u00edksz\u00e9pv\u00edzen az \u00f6tvenes \u00e9vekben a helyi sajt\u00f3 t\u00fckr\u00e9ben<\/li>\n<li>Guly\u00e1s Martin: Egy nemzetk\u00f6zileg sikeres nagyv\u00e1llalat m\u0171k\u00f6d\u00e9si k\u00f6rnyezete (1920-1990) &#8211; Az<br \/>\nEgyes\u00fclt Izz\u00f3 p\u00e9ld\u00e1ja<\/li>\n<li>Bak\u00f3 Bogl\u00e1rka: A j\u00f6v\u0151 cig\u00e1nyai \u00e9s a t\u00f6bbiek. A munka, mint meghat\u00e1roz\u00f3 elem a szegkov\u00e1cs<br \/>\ncig\u00e1nyok jellemz\u00e9s\u00e9ben<\/li>\n<\/ul>\n<p>16:00-16:30 A munka vizu\u00e1lis reprezent\u00e1ci\u00f3i<\/p>\n<ul>\n<li>Alab\u00e1n P\u00e9ter: &#8220;Ut\u00f3paraszti&#8221; kort\u00e1rs-tapasztalatt\u00f6rt\u00e9netek Domah\u00e1z\u00e1n a K\u00e1d\u00e1r-kor<br \/>\nfilmszociogr\u00e1fi\u00e1iban<\/li>\n<li>Lakatos Gabriella &#8211; Mr\u00e1vik Patrik: \u00c9rv\u00e9nyes\u00fcl\u00e9si strat\u00e9gi\u00e1k \u00e9s munkaetika a \u201845 el\u0151tti \u00e9s ut\u00e1ni<br \/>\nmagyar hangosfilmben<\/li>\n<\/ul>\n<h3>2023. \u00e1prilis 4. kedd<\/h3>\n<p>10:00-11:00 Mez\u0151gazdas\u00e1gi munka<\/p>\n<ul>\n<li>Kimmel M\u00e1t\u00e9: A &#8220;tanyak\u00e9rd\u00e9s&#8221; megv\u00e1laszol\u00e1sa. A tanyasi munka \u00e9rtelmez\u00e9si keretei \u00e9s<br \/>\nreformjavaslatok 1945 el\u0151tt<\/li>\n<li>Lengyel Eszter: N\u0151k a TSZ-ben (n\u0151i munka \u00e9s munkahelyek a TSZ-ben)<\/li>\n<li>Bata T\u00edmea \u2013 Granaszt\u00f3i P\u00e9ter: Az Ohati \u00c1llami Gazdas\u00e1g \u2013 K. Kov\u00e1cs P\u00e9ter gy\u0171jt\u00e9sei \u00e9s azon<br \/>\nt\u00fal<\/li>\n<li>Sv\u00e9gel Fanni: Reprodukt\u00edv munka egy parasztasszony \u00f6nvallom\u00e1s\u00e1ban<\/li>\n<\/ul>\n<p>12:00-12:30 \u00c9rdek\u00e9rv\u00e9nyes\u00edt\u00e9s \u00e9s munka<\/p>\n<ul>\n<li>Nagy P\u00e9ter: Antalk\u00f6z J\u00f3zsef &#8211; az \u00f3zdi 1946-os \u00e9s 1956-os \u00f3zdi munk\u00e1s-\u00f6nszervez\u0151d\u00e9sek<br \/>\nvezet\u0151j\u00e9nek p\u00e1ly\u00e1ja<\/li>\n<li>Grexa Izabella: N\u0151i szerepek, munka, \u00e9rdek\u00e9rv\u00e9nyes\u00edt\u00e9s panaszlevelek<\/li>\n<\/ul>\n<p>14:00-15:00 Munkaform\u00e1k reprezent\u00e1ci\u00f3ja, t\u00e9ma- \u00e9s k\u00f6nyvtervek<\/p>\n<ul>\n<li>Lehotay Veronika: \u00dcgyv\u00e9dnek lenni a K\u00e1d\u00e1r-korszakban: jogszab\u00e1lyok pro \u00e9s kontra<\/li>\n<li>Kelemen Katalin: A v\u00e1llalkoz\u00f3\/v\u00e1llalkoz\u00e1s reprezent\u00e1ci\u00f3ja a Ludas Matyi 1982-es \u00e9s 1985-\u00f6s<br \/>\nsz\u00e1mainak karikat\u00far\u00e1iban<\/li>\n<li>Kis\u0151rsi Zs\u00f3fia: F\u00e9l\u00faton disszert\u00e1ci\u00f3 \u00e9s tudom\u00e1nyos n\u00e9pszer\u0171s\u00edt\u00e9s k\u00f6z\u00f6tt<\/li>\n<li>K\u0151szegi G\u00e1bor &#8211; M\u00f3ser Tam\u00e1s: Buhera, fusi \u00e9s t\u00e1rsai &#8211; gazdas\u00e1gi strat\u00e9gi\u00e1k, munkakult\u00fara \u00e9s<br \/>\ngondolkod\u00e1s a szocializmusban<\/li>\n<\/ul>","protected":false},"excerpt":{"rendered":"<p>2023. \u00e1prilis 3. h\u00e9tf\u0151 09:30-10:00 [&hellip;]<\/p>","protected":false},"author":4,"featured_media":0,"parent":115,"menu_order":0,"comment_status":"closed","ping_status":"closed","template":"","meta":{"footnotes":""},"class_list":["post-421","page","type-page","status-publish","hentry"],"_links":{"self":[{"href":"https:\/\/workhistory.eu\/en\/wp-json\/wp\/v2\/pages\/421","targetHints":{"allow":["GET"]}}],"collection":[{"href":"https:\/\/workhistory.eu\/en\/wp-json\/wp\/v2\/pages"}],"about":[{"href":"https:\/\/workhistory.eu\/en\/wp-json\/wp\/v2\/types\/page"}],"author":[{"embeddable":true,"href":"https:\/\/workhistory.eu\/en\/wp-json\/wp\/v2\/users\/4"}],"replies":[{"embeddable":true,"href":"https:\/\/workhistory.eu\/en\/wp-json\/wp\/v2\/comments?post=421"}],"version-history":[{"count":4,"href":"https:\/\/workhistory.eu\/en\/wp-json\/wp\/v2\/pages\/421\/revisions"}],"predecessor-version":[{"id":428,"href":"https:\/\/workhistory.eu\/en\/wp-json\/wp\/v2\/pages\/421\/revisions\/428"}],"up":[{"embeddable":true,"href":"https:\/\/workhistory.eu\/en\/wp-json\/wp\/v2\/pages\/115"}],"wp:attachment":[{"href":"https:\/\/workhistory.eu\/en\/wp-json\/wp\/v2\/media?parent=421"}],"curies":[{"name":"wp","href":"https:\/\/api.w.org\/{rel}","templated":true}]}}