{"id":44,"date":"2022-10-24T15:50:09","date_gmt":"2022-10-24T13:50:09","guid":{"rendered":"https:\/\/workhistory.eu\/?page_id=44"},"modified":"2024-10-18T14:57:10","modified_gmt":"2024-10-18T12:57:10","slug":"kapcsolat","status":"publish","type":"page","link":"https:\/\/workhistory.eu\/en\/kapcsolat\/","title":{"rendered":"Contact"},"content":{"rendered":"<p class=\" translation-block\">Research Centre for the Humanities \/ Intitute of History<br> HU 1097, Budapest, T\u00f3th K\u00e1lm\u00e1n utca 4.<\/p>\r\n\r\n\r\n\r\n<p><a href=\"https:\/\/www.facebook.com\/Work-106701812205324\"><img loading=\"lazy\" decoding=\"async\" class=\"wp-image-349 alignnone\" src=\"https:\/\/workhistory.eu\/wp-content\/uploads\/2022\/12\/fb.png\" alt=\"\" width=\"17\" height=\"17\" srcset=\"https:\/\/workhistory.eu\/wp-content\/uploads\/2022\/12\/fb.png 225w, https:\/\/workhistory.eu\/wp-content\/uploads\/2022\/12\/fb-150x150.png 150w, https:\/\/workhistory.eu\/wp-content\/uploads\/2022\/12\/fb-12x12.png 12w\" sizes=\"auto, (max-width: 17px) 100vw, 17px\" \/><\/a> \u00a0<a href=\"https:\/\/www.facebook.com\/Work-106701812205324\">Work<\/a><\/p>","protected":false},"excerpt":{"rendered":"<p>B\u00f6lcs\u00e9szettudom\u00e1nyi Kutat\u00f3k\u00f6zpont\/ T\u00f6rt\u00e9nettudom\u00e1nyi Int\u00e9zet1097, Budapest, [&hellip;]<\/p>","protected":false},"author":4,"featured_media":0,"parent":0,"menu_order":0,"comment_status":"closed","ping_status":"closed","template":"","meta":{"footnotes":""},"class_list":["post-44","page","type-page","status-publish","hentry"],"_links":{"self":[{"href":"https:\/\/workhistory.eu\/en\/wp-json\/wp\/v2\/pages\/44","targetHints":{"allow":["GET"]}}],"collection":[{"href":"https:\/\/workhistory.eu\/en\/wp-json\/wp\/v2\/pages"}],"about":[{"href":"https:\/\/workhistory.eu\/en\/wp-json\/wp\/v2\/types\/page"}],"author":[{"embeddable":true,"href":"https:\/\/workhistory.eu\/en\/wp-json\/wp\/v2\/users\/4"}],"replies":[{"embeddable":true,"href":"https:\/\/workhistory.eu\/en\/wp-json\/wp\/v2\/comments?post=44"}],"version-history":[{"count":10,"href":"https:\/\/workhistory.eu\/en\/wp-json\/wp\/v2\/pages\/44\/revisions"}],"predecessor-version":[{"id":362,"href":"https:\/\/workhistory.eu\/en\/wp-json\/wp\/v2\/pages\/44\/revisions\/362"}],"wp:attachment":[{"href":"https:\/\/workhistory.eu\/en\/wp-json\/wp\/v2\/media?parent=44"}],"curies":[{"name":"wp","href":"https:\/\/api.w.org\/{rel}","templated":true}]}}