{"id":441,"date":"2024-05-27T13:08:50","date_gmt":"2024-05-27T11:08:50","guid":{"rendered":"https:\/\/workhistory.eu\/?page_id=441"},"modified":"2024-10-18T14:57:10","modified_gmt":"2024-10-18T12:57:10","slug":"a-munka-a-rendszer-es-a-politikai-valtasok-work-shop-4","status":"publish","type":"page","link":"https:\/\/workhistory.eu\/en\/esemenyek\/a-munka-a-rendszer-es-a-politikai-valtasok-work-shop-4\/","title":{"rendered":"A munka, a rendszer \u00e9s a politikai v\u00e1lt\u00e1sok &#8211; Work-shop 4."},"content":{"rendered":"<h3>2024. \u00e1prilis 29. h\u00e9tf\u0151<\/h3>\n<p>9:00-10:30 Alv\u00f3 szegek<\/p>\n<ul>\n<li>Bak\u00f3 Bogl\u00e1rka: A s\u00ednszeg, a kalap\u00e1cs \u00e9s 38 ezer \u00fct\u00e9s &#8211; a Piliscsabai Szegkov\u00e1cs<br \/>\nSz\u00f6vetkezet \u00e9rdek\u00e9rv\u00e9nyes\u00edt\u00e9se az 1950-es \u00e9vekben<\/li>\n<li>F\u0151cze J\u00e1nos: A h\u00e1bor\u00fa \u00e9s az \u00e1tmeneti id\u0151szak m\u00e9rlege Sz\u00e9pv\u00edzen (1944\u20131947)<\/li>\n<li>Kimmel M\u00e1t\u00e9: K\u00fczdelmes munka egy &#8220;sz\u00e9p vil\u00e1gban&#8221; &#8211; Ut\u00f3lagos \u00e9s korabeli tanyasi<br \/>\nbesz\u00e1mol\u00f3k a gazd\u00e1lkod\u00e1sr\u00f3l<\/li>\n<\/ul>\n<p>10:30-10:45 k\u00e1v\u00e9<\/p>\n<p>10:45-12:45 Gy\u00e1rak n\u00e9pe<\/p>\n<ul>\n<li>B\u00f3dy Zsombor: Szak\u00e9rt\u0151k a munkahelyi dinamik\u00e1ban a h\u00e1bor\u00fa \u00e9s az \u00e1llamos\u00edt\u00e1sok<br \/>\nidej\u00e9n<\/li>\n<li>Alab\u00e1n P\u00e9ter: V\u00e1ltoz\u00f3 indusztri\u00e1lis t\u00e1rsadalom az \u00f3zdi gy\u00e1r \u00e9s a kamer\u00e1k \u00e1rny\u00e9k\u00e1ban<\/li>\n<li>Guly\u00e1s Martin: A Tungsram m\u00e9rn\u00f6ki kollekt\u00edv\u00e1j\u00e1nak \u00e9letrajza<\/li>\n<li>Nagy P\u00e9ter: A m\u00e1sodik ember az \u00e9rdekv\u00e9delemben &#8211; Kiszely J\u00e1nos, az \u00f3zdi \u00fczemi<br \/>\nbizotts\u00e1g \u00e9s munk\u00e1stan\u00e1cs eln\u00f6khelyettese<\/li>\n<\/ul>\n<p>12:45-13:30 eb\u00e9d<\/p>\n<p>13:30-15:00 Szakmai h\u00e1l\u00f3zatok<\/p>\n<ul>\n<li>Tak\u00e1cs R\u00f3bert: \u00dajs\u00e1g\u00edr\u00f3-igazol\u00e1sok 1945-ben<\/li>\n<li>Somlai Katalin: K\u00eds\u00e9rlet egy szakmai h\u00e1l\u00f3zat ki\u00e9p\u00edt\u00e9s\u00e9re: az MKT Veszpr\u00e9m megyei<br \/>\ncsoportja<\/li>\n<li>Keller M\u00e1rkus: Az \u00e9p\u00edt\u00e9sz hivat\u00e1s alakv\u00e1ltoz\u00e1sai a 20. sz\u00e1zadban<\/li>\n<\/ul>\n<p>15:00-15:15 k\u00e1v\u00e9<\/p>\n<p>15:15-17:00 T\u00e1rsadalmi praxisok \u00e9s egy\u00e9ni \u00e9letutak<\/p>\n<ul>\n<li>L\u00e1szl\u00f3fi Viola: Az orvosok t\u00e1rsadalmi szerep\u00e9nek v\u00e1ltoz\u00e1sa<\/li>\n<li>Kelemen Katalin: Mag\u00e1npraxis t\u00f6rt\u00e9net<\/li>\n<li>Bed\u0151k P\u00e9ter: Horv\u00e1tok a Hortob\u00e1gyon. A hortob\u00e1gyi z\u00e1rt t\u00e1borokba hurcolt<br \/>\nmagyarorsz\u00e1gi horv\u00e1tok t\u00f6rt\u00e9nete<\/li>\n<\/ul>","protected":false},"excerpt":{"rendered":"<p>2024. \u00e1prilis 29. h\u00e9tf\u0151 9:00-10:30 [&hellip;]<\/p>","protected":false},"author":4,"featured_media":0,"parent":115,"menu_order":0,"comment_status":"closed","ping_status":"closed","template":"","meta":{"footnotes":""},"class_list":["post-441","page","type-page","status-publish","hentry"],"_links":{"self":[{"href":"https:\/\/workhistory.eu\/en\/wp-json\/wp\/v2\/pages\/441","targetHints":{"allow":["GET"]}}],"collection":[{"href":"https:\/\/workhistory.eu\/en\/wp-json\/wp\/v2\/pages"}],"about":[{"href":"https:\/\/workhistory.eu\/en\/wp-json\/wp\/v2\/types\/page"}],"author":[{"embeddable":true,"href":"https:\/\/workhistory.eu\/en\/wp-json\/wp\/v2\/users\/4"}],"replies":[{"embeddable":true,"href":"https:\/\/workhistory.eu\/en\/wp-json\/wp\/v2\/comments?post=441"}],"version-history":[{"count":1,"href":"https:\/\/workhistory.eu\/en\/wp-json\/wp\/v2\/pages\/441\/revisions"}],"predecessor-version":[{"id":442,"href":"https:\/\/workhistory.eu\/en\/wp-json\/wp\/v2\/pages\/441\/revisions\/442"}],"up":[{"embeddable":true,"href":"https:\/\/workhistory.eu\/en\/wp-json\/wp\/v2\/pages\/115"}],"wp:attachment":[{"href":"https:\/\/workhistory.eu\/en\/wp-json\/wp\/v2\/media?parent=441"}],"curies":[{"name":"wp","href":"https:\/\/api.w.org\/{rel}","templated":true}]}}