{"id":512,"date":"2024-10-18T15:10:26","date_gmt":"2024-10-18T13:10:26","guid":{"rendered":"https:\/\/workhistory.eu\/?page_id=512"},"modified":"2024-10-30T13:38:50","modified_gmt":"2024-10-30T11:38:50","slug":"munkaformak-valtozasa-1945-utan-work-shop-5","status":"publish","type":"page","link":"https:\/\/workhistory.eu\/en\/esemenyek\/munkaformak-valtozasa-1945-utan-work-shop-5\/","title":{"rendered":"Munkaform\u00e1k v\u00e1ltoz\u00e1sa 1945 ut\u00e1n &#8211; Work-shop 5."},"content":{"rendered":"<h3 class=\"wp-block-heading\">2024. november 5.<\/h3>\n\n\n\n<p>9:00-10:30 Az etnikai identit\u00e1s hat\u00e1sai<\/p>\n\n\n\n<ul class=\"wp-block-list\">\n<li>F\u0151cze J\u00e1nos: Az \u00f6rm\u00e9nys\u00e9g Sz\u00e9pv\u00edzen 1945 ut\u00e1n<\/li>\n\n\n\n<li>Bed\u0151k P\u00e9ter: N\u00e9lk\u00fcl\u00f6z\u0151 gyermekkor. Horv\u00e1t fiatalok a szt\u00e1linizmus \u00e9s a titoizmus szor\u00edt\u00e1s\u00e1ban a Mura foly\u00f3 k\u00e9t partj\u00e1n<\/li>\n\n\n\n<li>Bak\u00f3 Bogl\u00e1rka: Asszony-\u00fczem &#8211; a piliscsabai szegkov\u00e1cs n\u0151i r\u00e9szleg munkav\u00e1llal\u00e1si strat\u00e9gi\u00e1ja<\/li>\n<\/ul>\n\n\n\n<p><br>10:30-10:45 k\u00e1v\u00e9sz\u00fcnet<\/p>\n\n\n\n<p><br>10:45-12:45 Sokat l\u00e1tott szakemberek<\/p>\n\n\n\n<ul class=\"wp-block-list\">\n<li>B\u00f3dy Zsombor: Szakemberek az akad\u00e9mi\u00e1n. A szocialista rendszer politik\u00e1ja a technol\u00f3gi\u00e1k m\u0171k\u00f6dtet\u0151ivel szemben<\/li>\n\n\n\n<li>Keller M\u00e1rkus: Vit\u00e1k az \u00e9p\u00edt\u00e9szeti hivat\u00e1sr\u00f3l a 19. sz\u00e1zad m\u00e1sodik fel\u00e9ben<\/li>\n\n\n\n<li>Lehotay Veronika: \u00dcgyv\u00e9dek az 1950-es \u00e9vekben Borsodban<\/li>\n\n\n\n<li>Somlai Katalin: Ir\u00e1ny a Nyugat! Magyar kutat\u00f3k tanulm\u00e1ny\u00fatjai a K\u00e1d\u00e1r-korban<\/li>\n<\/ul>\n\n\n\n<p><br>12:45-13:30 eb\u00e9dsz\u00fcnet<\/p>\n\n\n\n<p><br>13:30-15:00 Fizikai munka<\/p>\n\n\n\n<ul class=\"wp-block-list\">\n<li>Alab\u00e1n P\u00e9ter: \u00dat a rendszerv\u00e1lt\u00e1s fel\u00e9: A b\u00e1ny\u00e1szkol\u00f3ni\u00e1k lakoss\u00e1g\u00e1nak deklassz\u00e1l\u00f3d\u00e1sa<\/li>\n\n\n\n<li>Nagy P\u00e9ter: Megfigyelve &#8211; Antalk\u00f6z J\u00f3zsef, az \u00f3zdi munk\u00e1stan\u00e1cseln\u00f6k \u00e9lete 1956 ut\u00e1n<\/li>\n\n\n\n<li>Kimmel M\u00e1t\u00e9: Munka ut\u00e1n h\u00e1zt\u00e1ji, h\u00e9tv\u00e9g\u00e9n kal\u00e1ka. Gazd\u00e1lkod\u00e1s \u00e9s falu\u00e9p\u00edt\u00e9s a tanyak\u00f6zs\u00e9gekben<\/li>\n<\/ul>\n\n\n\n<p><br>15:00-15:15 k\u00e1v\u00e9sz\u00fcnet<\/p>\n\n\n\n<p><br>15:15-16:30 \u00dajrakezd\u00e9s \u00e9s igazol\u00e1sok<\/p>\n\n\n\n<ul class=\"wp-block-list\">\n<li>Magyari Hajnalka: \u00dajrakezd\u00e9s, \u00e1tstruktur\u00e1l\u00e1s, \u00fajrapoz\u00edcion\u00e1l\u00e1s a kozmetikus szakm\u00e1ban<\/li>\n\n\n\n<li>Kelemen Katalin: A szobr\u00e1sz (\u201e\u2026azt hiszem, sosem kurvultam el\u201d)<\/li>\n\n\n\n<li>Tak\u00e1cs R\u00f3bert: Papp Jen\u0151, egy Horthy-kori m\u00e9diaszt\u00e1r igazol\u00e1sa 1945-ben c\u00edmen<\/li>\n\n\n\n<li>Dupcsik Csaba: Munkakult\u00fara, id\u0151h\u00e1ztart\u00e1s \u00e9s pluszj\u00f6vedelem-strat\u00e9gi\u00e1k a K\u00e1d\u00e1r-kori Magyarorsz\u00e1gon<\/li>\n<\/ul>","protected":false},"excerpt":{"rendered":"<p>2024. november 5. 9:00-10:30 Az [&hellip;]<\/p>","protected":false},"author":4,"featured_media":0,"parent":115,"menu_order":0,"comment_status":"closed","ping_status":"closed","template":"","meta":{"footnotes":""},"class_list":["post-512","page","type-page","status-publish","hentry"],"_links":{"self":[{"href":"https:\/\/workhistory.eu\/en\/wp-json\/wp\/v2\/pages\/512","targetHints":{"allow":["GET"]}}],"collection":[{"href":"https:\/\/workhistory.eu\/en\/wp-json\/wp\/v2\/pages"}],"about":[{"href":"https:\/\/workhistory.eu\/en\/wp-json\/wp\/v2\/types\/page"}],"author":[{"embeddable":true,"href":"https:\/\/workhistory.eu\/en\/wp-json\/wp\/v2\/users\/4"}],"replies":[{"embeddable":true,"href":"https:\/\/workhistory.eu\/en\/wp-json\/wp\/v2\/comments?post=512"}],"version-history":[{"count":5,"href":"https:\/\/workhistory.eu\/en\/wp-json\/wp\/v2\/pages\/512\/revisions"}],"predecessor-version":[{"id":534,"href":"https:\/\/workhistory.eu\/en\/wp-json\/wp\/v2\/pages\/512\/revisions\/534"}],"up":[{"embeddable":true,"href":"https:\/\/workhistory.eu\/en\/wp-json\/wp\/v2\/pages\/115"}],"wp:attachment":[{"href":"https:\/\/workhistory.eu\/en\/wp-json\/wp\/v2\/media?parent=512"}],"curies":[{"name":"wp","href":"https:\/\/api.w.org\/{rel}","templated":true}]}}