{"id":566,"date":"2025-09-18T12:03:44","date_gmt":"2025-09-18T10:03:44","guid":{"rendered":"https:\/\/workhistory.eu\/?page_id=566"},"modified":"2025-09-18T12:03:44","modified_gmt":"2025-09-18T10:03:44","slug":"work-shop-6-generaciok-elettortenetek-es-a-munkavegzes-formai","status":"publish","type":"page","link":"https:\/\/workhistory.eu\/en\/work-shop-6-generaciok-elettortenetek-es-a-munkavegzes-formai\/","title":{"rendered":"WORK-SHOP 6. Gener\u00e1ci\u00f3k, \u00e9lett\u00f6rt\u00e9netek \u00e9s a munkav\u00e9gz\u00e9s form\u00e1i"},"content":{"rendered":"<p><strong>2025. \u00e1prilis 14. h\u00e9tf\u0151<\/strong><\/p>\n\n\n\n<p>Max. 15 perces el\u0151ad\u00e1sok; minden el\u0151ad\u00e1s ut\u00e1n 15 perc k\u00e9rd\u00e9sek\/v\u00e1laszok<\/p>\n\n\n\n<p>10:00-11:00 Gener\u00e1ci\u00f3k \u00e9s etnikai identit\u00e1sok<\/p>\n\n\n\n<ul class=\"wp-block-list\">\n<li>Bed\u0151k P\u00e9ter: Gyermekmunka a hortob\u00e1gyi z\u00e1rt t\u00e1borokban (1950\u20131953)<\/li>\n\n\n\n<li>Bak\u00f3 Bogl\u00e1rka: A munk\u00e1sn\u0151 \u00e9s a r\u00e1ni \u2013 a munk\u00e1sidentit\u00e1s v\u00e1ltoz\u00e1sa h\u00e1rom gener\u00e1ci\u00f3ban<\/li>\n<\/ul>\n\n\n\n<p><em>11:00-11:15 k\u00e1v\u00e9<\/em><\/p>\n\n\n\n<p>11:15-12:45 \u00c9lett\u00f6rt\u00e9netek<\/p>\n\n\n\n<ul class=\"wp-block-list\">\n<li>Grexa Izabella: Fel\u00fcgyelet \u00e9s \u00f6nfej\u0171s\u00e9g egy XX. sz\u00e1zadi n\u0151i \u00e9lett\u00f6rt\u00e9netben<\/li>\n\n\n\n<li>Kov\u00e1csn\u00e9 Magyari Hajnalka: Egy kozmetikusn\u0151 mindennapjai a narrat\u00edv visszaeml\u00e9kez\u00e9s t\u00fckr\u00e9ben<\/li>\n\n\n\n<li>Nagy P\u00e9ter: A gyilkos nem lehet m\u00e1rt\u00edr? Kany\u00f3 Bertalan 1956-os kiv\u00e9gzett \u00e9lete<\/li>\n<\/ul>\n\n\n\n<p><em>12:45-13:30 eb\u00e9d<\/em><\/p>\n\n\n\n<p>13:30-15:00 A munka \u00e1br\u00e1zol\u00e1sai a K\u00e1d\u00e1r-korszakban<\/p>\n\n\n\n<ul class=\"wp-block-list\">\n<li>Alab\u00e1n P\u00e9ter: Szocialista munk\u00e1s-t\u00fck\u00f6rk\u00e9p: Egy munk\u00e1skol\u00f3nia val\u00f3di arca a K\u00e1d\u00e1r-korszakban<\/li>\n\n\n\n<li>Kimmel M\u00e1t\u00e9: \u00d6nell\u00e1t\u00e1s \u00e9s piacra termel\u00e9s az 1970-80-as \u00e9vek tanyagazdas\u00e1gaiban<\/li>\n\n\n\n<li>Kelemen Katalin: \u201eOdaad\u00e1s n\u00e9lk\u00fcl nem megy!\u201d Egy \u00e9p\u00fcletg\u00e9p\u00e9szeti v\u00e1llalkoz\u00f3\/z\u00e1s t\u00f6rt\u00e9nete<\/li>\n<\/ul>\n\n\n\n<p><em>15:00-15:15 k\u00e1v\u00e9<\/em><\/p>\n\n\n\n<p>15:15-16:00 kutat\u00f3csoportban k\u00e9sz\u00fcl\u0151 monogr\u00e1fi\u00e1k egyeztet\u00e9se a szerz\u0151kkel<\/p>","protected":false},"excerpt":{"rendered":"<p>2025. \u00e1prilis 14. h\u00e9tf\u0151 Max. [&hellip;]<\/p>","protected":false},"author":3,"featured_media":0,"parent":0,"menu_order":0,"comment_status":"closed","ping_status":"closed","template":"","meta":{"footnotes":""},"class_list":["post-566","page","type-page","status-publish","hentry"],"_links":{"self":[{"href":"https:\/\/workhistory.eu\/en\/wp-json\/wp\/v2\/pages\/566","targetHints":{"allow":["GET"]}}],"collection":[{"href":"https:\/\/workhistory.eu\/en\/wp-json\/wp\/v2\/pages"}],"about":[{"href":"https:\/\/workhistory.eu\/en\/wp-json\/wp\/v2\/types\/page"}],"author":[{"embeddable":true,"href":"https:\/\/workhistory.eu\/en\/wp-json\/wp\/v2\/users\/3"}],"replies":[{"embeddable":true,"href":"https:\/\/workhistory.eu\/en\/wp-json\/wp\/v2\/comments?post=566"}],"version-history":[{"count":1,"href":"https:\/\/workhistory.eu\/en\/wp-json\/wp\/v2\/pages\/566\/revisions"}],"predecessor-version":[{"id":567,"href":"https:\/\/workhistory.eu\/en\/wp-json\/wp\/v2\/pages\/566\/revisions\/567"}],"wp:attachment":[{"href":"https:\/\/workhistory.eu\/en\/wp-json\/wp\/v2\/media?parent=566"}],"curies":[{"name":"wp","href":"https:\/\/api.w.org\/{rel}","templated":true}]}}